{"id":3141,"date":"2022-10-04T16:52:01","date_gmt":"2022-10-04T14:52:01","guid":{"rendered":"https:\/\/schoolfood.giftgruen.com\/it\/?page_id=3141"},"modified":"2023-03-05T00:00:25","modified_gmt":"2023-03-04T23:00:25","slug":"planetary-health-diets-cooking","status":"publish","type":"page","link":"https:\/\/schoolfood.giftgruen.com\/it\/planetary-health-diets-cooking\/","title":{"rendered":"Planetary Health Diets &amp; Cooking"},"content":{"rendered":"\n<div class=\"wp-block-getwid-section alignfull  gg-teaser-textheadline gg-teaser-textheadline--pink alignfull getwid-margin-top-normal getwid-margin-bottom-normal getwid-section-content-full-width\"><div class=\"wp-block-getwid-section__wrapper getwid-padding-top-none getwid-padding-bottom-none getwid-padding-left-none getwid-padding-right-none\"><div class=\"wp-block-getwid-section__inner-wrapper\"><div class=\"wp-block-getwid-section__background-holder\"><div class=\"wp-block-getwid-section__background has-background has-efb-8-b-4-background-color\"><\/div><div class=\"wp-block-getwid-section__foreground\"><\/div><\/div><div class=\"wp-block-getwid-section__content\"><div class=\"wp-block-getwid-section__inner-content\"><div class=\"is-layout-flex wp-container-3 wp-block-columns eplus-wrapper eplus-styles-uid-a31d5b\"><div class=\"is-layout-flow gg-shape--events gg-shape--events--pink wp-block-column eplus-wrapper eplus-styles-uid-816799\" style=\"flex-basis:53%\"><\/div>\n\n<div class=\"is-layout-flow wp-block-column eplus-wrapper eplus-styles-uid-7740a8\" style=\"flex-basis:33.3%\">\n<div style=\"height:50px\" aria-hidden=\"true\" class=\"wp-block-spacer eplus-wrapper\"><\/div>\n\n\n\n<h1 class=\"has-c-83554-color has-text-color eplus-wrapper\">DIETE &amp; CUCINA PER LA SALUTE DEL pIANETA<\/h1>\n<\/div><\/div><\/div><\/div><\/div><\/div><\/div>\n\n\n\n<h4 class=\"has-c-83554-color has-text-color eplus-wrapper\"><strong>CIBO PER IL BENESSERE DEGLI ESSERI UMANI E DEL NOSTRO PIANETA&nbsp;<\/strong><\/h4>\n\n\n<p class=\" eplus-wrapper eplus-styles-uid-e03422\">SchoolFood4Change (SF4C) mira a motivare, sostenere e consentire alle scuole di fornire pasti innovativi, rispettosi del clima, sani, deliziosi, a zero sprechi e che riflettano l&#8217;identit\u00e0 locale. \u00c8 una lista lunga. Come possiamo assicurarci che tutti questi requisiti siano soddisfatti allo stesso tempo?<\/p>\n\n\n<div class=\"wp-block-getwid-section alignfull alignfull\"><div class=\"wp-block-getwid-section__wrapper\"><div class=\"wp-block-getwid-section__inner-wrapper\"><div class=\"wp-block-getwid-section__background-holder\"><div class=\"wp-block-getwid-section__background has-background has-ffffff-background-color\"><\/div><div class=\"wp-block-getwid-section__foreground\"><\/div><\/div><div class=\"wp-block-getwid-section__content\"><div class=\"wp-block-getwid-section__inner-content\">\n<div class=\"is-layout-flex wp-container-6 wp-block-columns eplus-wrapper\"><div class=\"is-layout-flow wp-block-column has-efb-8-b-4-background-color has-background eplus-wrapper eplus-styles-uid-dbe4c8\" style=\"padding-top:3em;padding-right:3.5em;padding-bottom:3px;padding-left:4px\"><p class=\" eplus-wrapper eplus-styles-uid-b454c2\">Quello che mangiamo si \u00e8 sempre evoluto e la cucina scolastica non fa eccezione. Come tutti gli alimenti, anche quello scolastico va valorizzato e apprezzato. Soprattutto quando ci sono ancora molte aree con un accesso limitato a cibo economico e nutriente e la fame \u00e8 cos\u00ec diffusa. E non dimentichiamo che il cibo scolastico \u00e8 sempre prodotto, reperito e realizzato da qualcuno. E questo qualcuno merita un ringraziamento &#8211; e forse anche, a volte, un amichevole promemoria per renderlo migliore di tanto in tanto. <strong>Siamo grati per i risultati ottenuti finora e vogliamo portare il cibo scolastico a un livello completamente nuovo.\u202f<\/strong><\/p>\n\n<p class=\" eplus-wrapper eplus-styles-uid-b2f9d0\">La ristorazione scolastica \u00e8 sempre servita a beneficio degli alunni. Ma il sistema alimentare scolastico di oggi ha i suoi limiti: budget e risorse disponibili, regolamenti e requisiti contrattuali possono limitare il campo d&#8217;azione dei responsabili e scoraggiarli dal concentrarsi su aspetti come la sostenibilit\u00e0 e la salute. Ma SF4C si sforza di ottenere qualcosa di meglio, incoraggiando tutti a fare della sostenibilit\u00e0 e della salute una priorit\u00e0 assoluta. Siamo, infatti, certi che esistano modi semplici per rendere l&#8217;alimentazione scolastica ancora pi\u00f9 sostenibile.<\/p><\/div>\n\n<div class=\"is-layout-flow wp-block-column eplus-wrapper eplus-styles-uid-0b2c92\">\n<div style=\"height:489px\" aria-hidden=\"true\" class=\"wp-block-spacer eplus-wrapper\"><\/div>\n\n\n<h2 class=\"has-c-83554-color has-text-color eplus-wrapper eplus-styles-uid-112c20\"><strong>Thanks for the food! It\u2019s time for a new menu.<\/strong>\u202f<\/h2><\/div><\/div>\n<\/div><\/div><\/div><\/div><\/div>\n\n\n\n<h5 class=\"has-c-83554-color has-text-color eplus-wrapper\">SCHOOLFOOD4CHANGE INCORAGGIA IL TRASFERIMENTO DI CONOSCENZE TRA I CUOCHI DELLE MENSE SCOLASTICHE<\/h5>\n\n\n<p class=\" eplus-wrapper eplus-styles-uid-e03422\">SF4C invita tutti i cuochi delle mense scolastiche a essere agenti del cambiamento! Essi si trovano nella posizione ideale per garantire che il cambiamento si realizzi davvero. SF4C vuole aumentare la consapevolezza dell&#8217;importanza del ruolo dei cuochi delle mense nel sistema scolastico e sostenere e rafforzare la loro posizione nella promozione di un&#8217;alimentazione sana. A tal fine, SF4C realizza i materiali di formazione e suggerisce ricette per i cuochi delle scuole. Ci\u00f2 significa che gli alunni saranno introdotti a un menu pi\u00f9 verde che contiene una maggiore variet\u00e0 di frutta e verdura, cereali integrali e legumi, riducendo al contempo la quantit\u00e0 di alimenti trasformati e prodotti animali.\u202fI menu sono studiati per rispettare le condizioni culturali e locali, utilizzando ingredienti ecologici con una filiera corta per ridurre le emissioni di gas serra e prevenire gli sprechi alimentari.<\/p>\n\n<p class=\" eplus-wrapper eplus-styles-uid-e03422\">Per diffondere il nostro messaggio tra le scuole, offriamo un programma di formazione dei formatori per imparare dalle esperienze degli altri e acquisire conoscenze di prima mano. La formazione per i cuochi e il personale scolastico si svolger\u00e0 sia di persona che online.\u202f Attraverso il dialogo e il trasferimento di conoscenze, nonch\u00e9 una rete di colleghi internazionali in altri Paesi, i cuochi delle cucine scolastiche possono beneficiare di maggiori conoscenze e nuove idee su quali ingredienti utilizzare, perch\u00e9 e come utilizzarli per garantire pasti sani, deliziosi e sostenibili.<\/p>\n\n\n<h5 class=\"has-c-83554-color has-text-color eplus-wrapper\"><strong>UN AMBIENTE FAVOREVOLE ALLA CULTURA ALIMENTARE A LIVELLO COMUNALE\u202f<\/strong>\u202f&nbsp;<\/h5>\n\n\n<p class=\" eplus-wrapper eplus-styles-uid-e03422\">Affinch\u00e9 la societ\u00e0 passi a un&#8217;alimentazione sostenibile e sana, i cuochi delle cucine scolastiche possono contare su un&#8217;ampia rete di esperti. Sono supportati da una rete di pari, composta da professionisti dell&#8217;alimentazione urbana e ambasciatori del cibo in ogni citt\u00e0. Insieme, creeranno le condizioni necessarie per rendere possibile questa transizione. \u202f<br>Tutti i materiali sviluppati saranno pubblicati anche sul sito web del progetto SF4C.<\/p>\n\n\n<div class=\"wp-block-getwid-section alignfull alignfull\"><div class=\"wp-block-getwid-section__wrapper\"><div class=\"wp-block-getwid-section__inner-wrapper\"><div class=\"wp-block-getwid-section__background-holder\"><div class=\"wp-block-getwid-section__background\"><\/div><div class=\"wp-block-getwid-section__foreground\"><\/div><\/div><div class=\"wp-block-getwid-section__content\"><div class=\"wp-block-getwid-section__inner-content\">\n<div class=\"is-layout-flex wp-container-13 wp-block-columns eplus-wrapper\"><div class=\"is-layout-flow gg-blocks-teaser-cards wp-block-column eplus-wrapper eplus-styles-uid-bfaad7\" style=\"flex-basis:100%\">\n<div class=\"is-layout-flex wp-container-11 wp-block-columns eplus-wrapper\">\n<div class=\"is-layout-flow wp-block-column has-ffffff-color has-c-83554-background-color has-text-color has-background eplus-wrapper\" style=\"padding-top:3em;padding-right:3.5em;padding-bottom:3em;padding-left:3.5em\">\n<h2 class=\"has-efb-8-b-4-color has-text-color eplus-wrapper\">Risorse<\/h2>\n\n\n\n<p class=\" eplus-wrapper\">Qui potete trovare e scaricare i risultati del nostro progetti, le pubblicazioni e altri materiali utili. Vi invitiamo a utilizzarli \u2013 buon appetito!<\/p>\n\n\n\n<div class=\"is-layout-flex wp-block-buttons eplus-wrapper\">\n<div class=\"wp-block-button eplus-wrapper\"><a class=\"wp-block-button__link wp-element-button\" href=\"https:\/\/schoolfood.giftgruen.com\/it\/results\/\">Vedi risorse<\/a><\/div>\n<\/div>\n<\/div>\n\n\n\n<div class=\"is-layout-flow wp-block-column has-efb-8-b-4-background-color has-background eplus-wrapper\" style=\"padding-top:3em;padding-right:3.5em;padding-bottom:3em;padding-left:3.5em\">\n<h2 class=\"has-c-83554-color has-text-color eplus-wrapper\">Contatti<\/h2>\n\n\n\n<p class=\" eplus-wrapper\">Vogliamo rimanere in contatto! Se avete domande su SchoolFood4Change, inviateci un&#8217;e-mail e saremo lieti di aiutarvi.\u00a0\u00a0<\/p>\n\n\n\n<div class=\"is-layout-flex wp-block-buttons eplus-wrapper\">\n<div class=\"wp-block-button eplus-wrapper\"><a class=\"wp-block-button__link wp-element-button\" href=\"https:\/\/schoolfood.giftgruen.com\/it\/contact\/\">Contatta<\/a><\/div>\n<\/div>\n<\/div>\n<\/div>\n<\/div><\/div>\n<\/div><\/div><\/div><\/div><\/div>\n","protected":false},"excerpt":{"rendered":"<p>CIBO PER IL BENESSERE DEGLI ESSERI UMANI E DEL NOSTRO PIANETA&nbsp; SchoolFood4Change (SF4C) mira a motivare, sostenere e consentire alle scuole di fornire pasti innovativi, rispettosi del clima, sani, deliziosi, a zero sprechi e che riflettano l&#8217;identit\u00e0 locale. \u00c8 una lista lunga. Come possiamo assicurarci che tutti questi requisiti siano soddisfatti allo stesso tempo? SCHOOLFOOD4CHANGE INCORAGGIA IL TRASFERIMENTO DI CONOSCENZE TRA I CUOCHI DELLE MENSE SCOLASTICHE SF4C invita tutti i cuochi delle mense scolastiche a essere agenti del cambiamento! Essi si trovano nella posizione ideale per garantire che il cambiamento si realizzi davvero. SF4C vuole aumentare la consapevolezza dell&#8217;importanza del\u2026<\/p>\n","protected":false},"author":7,"featured_media":0,"parent":0,"menu_order":0,"comment_status":"closed","ping_status":"closed","template":"","meta":{"inline_featured_image":false,"editor_plus_post_options":"{}","editor_plus_copied_stylings":"{}"},"blocksy_meta":{"styles_descriptor":{"styles":{"desktop":"","tablet":"","mobile":""},"google_fonts":[],"version":5}},"acf":[],"yoast_head":"<!-- This site is optimized with the Yoast SEO plugin v21.1 - https:\/\/yoast.com\/wordpress\/plugins\/seo\/ -->\n<title>Planetary Health Diets &amp; Cooking - SchoolFood4Change IT<\/title>\n<meta name=\"description\" content=\"What we eat has always evolved and school food is no exception. We are thankful for what has been achieved so far and now want to take school food to a whole new level.\u202f\" \/>\n<meta name=\"robots\" content=\"noindex, follow, max-snippet:-1, max-image-preview:large, max-video-preview:-1\" \/>\n<meta property=\"og:locale\" content=\"en_US\" \/>\n<meta property=\"og:type\" content=\"article\" \/>\n<meta property=\"og:title\" content=\"Planetary Health Diets &amp; Cooking - SchoolFood4Change IT\" \/>\n<meta property=\"og:description\" content=\"What we eat has always evolved and school food is no exception. We are thankful for what has been achieved so far and now want to take school food to a whole new level.\u202f\" \/>\n<meta property=\"og:url\" content=\"https:\/\/schoolfood.giftgruen.com\/it\/planetary-health-diets-cooking\/\" \/>\n<meta property=\"og:site_name\" content=\"SchoolFood4Change IT\" \/>\n<meta property=\"article:modified_time\" content=\"2023-03-04T23:00:25+00:00\" \/>\n<meta name=\"twitter:card\" content=\"summary_large_image\" \/>\n<meta name=\"twitter:label1\" content=\"Est. reading time\" \/>\n\t<meta name=\"twitter:data1\" content=\"3 minutes\" \/>\n<script type=\"application\/ld+json\" class=\"yoast-schema-graph\">{\"@context\":\"https:\/\/schema.org\",\"@graph\":[{\"@type\":\"WebPage\",\"@id\":\"https:\/\/schoolfood.giftgruen.com\/it\/planetary-health-diets-cooking\/\",\"url\":\"https:\/\/schoolfood.giftgruen.com\/it\/planetary-health-diets-cooking\/\",\"name\":\"Planetary Health Diets &amp; Cooking - SchoolFood4Change IT\",\"isPartOf\":{\"@id\":\"https:\/\/schoolfood.giftgruen.com\/it\/#website\"},\"datePublished\":\"2022-10-04T14:52:01+00:00\",\"dateModified\":\"2023-03-04T23:00:25+00:00\",\"description\":\"What we eat has always evolved and school food is no exception. We are thankful for what has been achieved so far and now want to take school food to a whole new level.\u202f\",\"breadcrumb\":{\"@id\":\"https:\/\/schoolfood.giftgruen.com\/it\/planetary-health-diets-cooking\/#breadcrumb\"},\"inLanguage\":\"en-US\",\"potentialAction\":[{\"@type\":\"ReadAction\",\"target\":[\"https:\/\/schoolfood.giftgruen.com\/it\/planetary-health-diets-cooking\/\"]}]},{\"@type\":\"BreadcrumbList\",\"@id\":\"https:\/\/schoolfood.giftgruen.com\/it\/planetary-health-diets-cooking\/#breadcrumb\",\"itemListElement\":[{\"@type\":\"ListItem\",\"position\":1,\"name\":\"Home\",\"item\":\"https:\/\/schoolfood.giftgruen.com\/it\/\"},{\"@type\":\"ListItem\",\"position\":2,\"name\":\"Planetary Health Diets &amp; Cooking\"}]},{\"@type\":\"WebSite\",\"@id\":\"https:\/\/schoolfood.giftgruen.com\/it\/#website\",\"url\":\"https:\/\/schoolfood.giftgruen.com\/it\/\",\"name\":\"SchoolFood4Change IT\",\"description\":\"\",\"publisher\":{\"@id\":\"https:\/\/schoolfood.giftgruen.com\/it\/#organization\"},\"potentialAction\":[{\"@type\":\"SearchAction\",\"target\":{\"@type\":\"EntryPoint\",\"urlTemplate\":\"https:\/\/schoolfood.giftgruen.com\/it\/?s={search_term_string}\"},\"query-input\":\"required name=search_term_string\"}],\"inLanguage\":\"en-US\"},{\"@type\":\"Organization\",\"@id\":\"https:\/\/schoolfood.giftgruen.com\/it\/#organization\",\"name\":\"SchoolFood4Change IT\",\"url\":\"https:\/\/schoolfood.giftgruen.com\/it\/\",\"logo\":{\"@type\":\"ImageObject\",\"inLanguage\":\"en-US\",\"@id\":\"https:\/\/schoolfood.giftgruen.com\/it\/#\/schema\/logo\/image\/\",\"url\":\"https:\/\/schoolfood.giftgruen.com\/it\/wp-content\/uploads\/sites\/8\/2022\/06\/schholfood.svg\",\"contentUrl\":\"https:\/\/schoolfood.giftgruen.com\/it\/wp-content\/uploads\/sites\/8\/2022\/06\/schholfood.svg\",\"width\":273,\"height\":90,\"caption\":\"SchoolFood4Change IT\"},\"image\":{\"@id\":\"https:\/\/schoolfood.giftgruen.com\/it\/#\/schema\/logo\/image\/\"}}]}<\/script>\n<!-- \/ Yoast SEO plugin. -->","yoast_head_json":{"title":"Planetary Health Diets &amp; Cooking - SchoolFood4Change IT","description":"What we eat has always evolved and school food is no exception. We are thankful for what has been achieved so far and now want to take school food to a whole new level.\u202f","robots":{"index":"noindex","follow":"follow","max-snippet":"max-snippet:-1","max-image-preview":"max-image-preview:large","max-video-preview":"max-video-preview:-1"},"og_locale":"en_US","og_type":"article","og_title":"Planetary Health Diets &amp; Cooking - SchoolFood4Change IT","og_description":"What we eat has always evolved and school food is no exception. We are thankful for what has been achieved so far and now want to take school food to a whole new level.\u202f","og_url":"https:\/\/schoolfood.giftgruen.com\/it\/planetary-health-diets-cooking\/","og_site_name":"SchoolFood4Change IT","article_modified_time":"2023-03-04T23:00:25+00:00","twitter_card":"summary_large_image","twitter_misc":{"Est. reading time":"3 minutes"},"schema":{"@context":"https:\/\/schema.org","@graph":[{"@type":"WebPage","@id":"https:\/\/schoolfood.giftgruen.com\/it\/planetary-health-diets-cooking\/","url":"https:\/\/schoolfood.giftgruen.com\/it\/planetary-health-diets-cooking\/","name":"Planetary Health Diets &amp; Cooking - SchoolFood4Change IT","isPartOf":{"@id":"https:\/\/schoolfood.giftgruen.com\/it\/#website"},"datePublished":"2022-10-04T14:52:01+00:00","dateModified":"2023-03-04T23:00:25+00:00","description":"What we eat has always evolved and school food is no exception. We are thankful for what has been achieved so far and now want to take school food to a whole new level.\u202f","breadcrumb":{"@id":"https:\/\/schoolfood.giftgruen.com\/it\/planetary-health-diets-cooking\/#breadcrumb"},"inLanguage":"en-US","potentialAction":[{"@type":"ReadAction","target":["https:\/\/schoolfood.giftgruen.com\/it\/planetary-health-diets-cooking\/"]}]},{"@type":"BreadcrumbList","@id":"https:\/\/schoolfood.giftgruen.com\/it\/planetary-health-diets-cooking\/#breadcrumb","itemListElement":[{"@type":"ListItem","position":1,"name":"Home","item":"https:\/\/schoolfood.giftgruen.com\/it\/"},{"@type":"ListItem","position":2,"name":"Planetary Health Diets &amp; Cooking"}]},{"@type":"WebSite","@id":"https:\/\/schoolfood.giftgruen.com\/it\/#website","url":"https:\/\/schoolfood.giftgruen.com\/it\/","name":"SchoolFood4Change IT","description":"","publisher":{"@id":"https:\/\/schoolfood.giftgruen.com\/it\/#organization"},"potentialAction":[{"@type":"SearchAction","target":{"@type":"EntryPoint","urlTemplate":"https:\/\/schoolfood.giftgruen.com\/it\/?s={search_term_string}"},"query-input":"required name=search_term_string"}],"inLanguage":"en-US"},{"@type":"Organization","@id":"https:\/\/schoolfood.giftgruen.com\/it\/#organization","name":"SchoolFood4Change IT","url":"https:\/\/schoolfood.giftgruen.com\/it\/","logo":{"@type":"ImageObject","inLanguage":"en-US","@id":"https:\/\/schoolfood.giftgruen.com\/it\/#\/schema\/logo\/image\/","url":"https:\/\/schoolfood.giftgruen.com\/it\/wp-content\/uploads\/sites\/8\/2022\/06\/schholfood.svg","contentUrl":"https:\/\/schoolfood.giftgruen.com\/it\/wp-content\/uploads\/sites\/8\/2022\/06\/schholfood.svg","width":273,"height":90,"caption":"SchoolFood4Change IT"},"image":{"@id":"https:\/\/schoolfood.giftgruen.com\/it\/#\/schema\/logo\/image\/"}}]}},"_links":{"self":[{"href":"https:\/\/schoolfood.giftgruen.com\/it\/wp-json\/wp\/v2\/pages\/3141"}],"collection":[{"href":"https:\/\/schoolfood.giftgruen.com\/it\/wp-json\/wp\/v2\/pages"}],"about":[{"href":"https:\/\/schoolfood.giftgruen.com\/it\/wp-json\/wp\/v2\/types\/page"}],"author":[{"embeddable":true,"href":"https:\/\/schoolfood.giftgruen.com\/it\/wp-json\/wp\/v2\/users\/7"}],"replies":[{"embeddable":true,"href":"https:\/\/schoolfood.giftgruen.com\/it\/wp-json\/wp\/v2\/comments?post=3141"}],"version-history":[{"count":26,"href":"https:\/\/schoolfood.giftgruen.com\/it\/wp-json\/wp\/v2\/pages\/3141\/revisions"}],"predecessor-version":[{"id":3786,"href":"https:\/\/schoolfood.giftgruen.com\/it\/wp-json\/wp\/v2\/pages\/3141\/revisions\/3786"}],"wp:attachment":[{"href":"https:\/\/schoolfood.giftgruen.com\/it\/wp-json\/wp\/v2\/media?parent=3141"}],"curies":[{"name":"wp","href":"https:\/\/api.w.org\/{rel}","templated":true}]}}