{"id":3138,"date":"2022-10-04T16:49:38","date_gmt":"2022-10-04T14:49:38","guid":{"rendered":"https:\/\/schoolfood.giftgruen.com\/it\/?page_id=3138"},"modified":"2023-03-04T23:38:26","modified_gmt":"2023-03-04T22:38:26","slug":"sustainable-public-food-procurement","status":"publish","type":"page","link":"https:\/\/schoolfood.giftgruen.com\/it\/about\/sustainable-public-food-procurement\/","title":{"rendered":"Sustainable Public Food Procurement"},"content":{"rendered":"\n<div class=\"wp-block-getwid-section alignfull  gg-teaser-textheadline gg-teaser-textheadline--green alignfull getwid-margin-top-normal getwid-margin-bottom-normal getwid-section-content-full-width\"><div class=\"wp-block-getwid-section__wrapper getwid-padding-top-none getwid-padding-bottom-none getwid-padding-left-none getwid-padding-right-none\"><div class=\"wp-block-getwid-section__inner-wrapper\"><div class=\"wp-block-getwid-section__background-holder\"><div class=\"wp-block-getwid-section__background has-background has-badedc-background-color\"><\/div><div class=\"wp-block-getwid-section__foreground\"><\/div><\/div><div class=\"wp-block-getwid-section__content\"><div class=\"wp-block-getwid-section__inner-content\"><div class=\"is-layout-flex wp-container-3 wp-block-columns eplus-wrapper eplus-styles-uid-a31d5b\"><div class=\"is-layout-flow gg-shape--events gg-shape--events--green wp-block-column eplus-wrapper eplus-styles-uid-a389aa\" style=\"flex-basis:53%\"><\/div>\n\n<div class=\"is-layout-flow wp-block-column eplus-wrapper eplus-styles-uid-7740a8\" style=\"flex-basis:33.3%\">\n<div style=\"height:50px\" aria-hidden=\"true\" class=\"wp-block-spacer eplus-wrapper\"><\/div>\n\n\n\n<h1 class=\"has-text-align-center eplus-wrapper\"><strong>ACQUISTI PUBBLICI SOSTENIBILI DI PRODOTTI ALIMEntari<\/strong><\/h1>\n<\/div><\/div><\/div><\/div><\/div><\/div><\/div>\n\n\n\n<div class=\"is-layout-flex wp-container-7 wp-block-columns eplus-wrapper\">\n<div class=\"is-layout-flow wp-block-column eplus-wrapper\">\n<div class=\"wp-block-getwid-icon-box has-icon-right has-text-right\"><div class=\"wp-block-getwid-icon-box__icon-container has-layout-stacked is-position-top\"><div class=\"wp-block-getwid-icon-box__icon-wrapper has-background has-badedc-background-color has-text-color has-317275-color\"><i class=\"fas fa-info\"><\/i><\/div><\/div><div class=\"wp-block-getwid-icon-box__content\">\n<p class=\" eplus-wrapper\"><\/p>\n<\/div><\/div>\n<\/div>\n\n\n\n<div class=\"is-layout-flow wp-block-column eplus-wrapper\" style=\"flex-basis:50%\">\n<p class=\"has-ffffff-color has-317275-background-color has-text-color has-background eplus-wrapper\"><strong>L\u2019Approvvigionamento Alimentare Pubblico<\/strong> (PFP): un processo spesso supervisionato da autorit\u00e0 pubbliche come i governi comunali, che descrive un pacchetto di misure per modellare la produzione alimentare e la catena di approvvigionamento dai campi alla tavola. Come strumento politico, l&#8217;approvvigionamento alimentare pubblico \u00e8 noto per essere un fattore di trasformazione del sistema alimentare (fonte: The Lancet).<\/p>\n<\/div>\n\n\n\n<div class=\"is-layout-flow wp-block-column eplus-wrapper\" style=\"flex-basis:25%\"><\/div>\n<\/div>\n\n\n\n<h4 class=\" eplus-wrapper\"><strong>IL CIBO \u00c8 LA NOSTRA PASSIONE, L&#8217;APPROVVIGIONAMENTO LA NOSTRA FORZA!<\/strong>&nbsp;<\/h4>\n\n\n<p class=\" eplus-wrapper eplus-styles-uid-09c4fc\">Gli approcci innovativi all&#8217;approvvigionamento di alimenti sani e sostenibili per i pasti scolastici sono l&#8217;obiettivo di SchoolFood4Change (SF4C). SF4C segue un approccio olistico con l&#8217;obiettivo di consentire un cambiamento del sistema alimentare a livello di comunit\u00e0 per fornire cibo nutriente, sostenibile e accessibile a tutti i bambini. Come? Obiettivi ambiziosi e linee guida innovative per l&#8217;approvvigionamento alimentare sviluppate dal consorzio SF4C guideranno le citt\u00e0 e i committenti pubblici nei loro acquisti. Allo stesso tempo, incoraggiano la cooperazione tra piccoli agricoltori, scuole, fornitori di cibo locale e ristoratori per fornire pasti scolastici sostenibili e sani!\u00a0 Abbiamo stuzzicato la vostra voglia di cambiamento? Contattate il rappresentante di SF4C nel vostro Paese! <a href=\"https:\/\/schoolfood.giftgruen.com\/it\/partners\/\">Vedi i partner.<\/a><\/p>\n\n\n<h4 class=\" eplus-wrapper\"><strong>UN&#8217;OCCASIONE PER CAMBIARE IL MENU\u202f<\/strong>\u202f&nbsp;<\/h4>\n\n\n<p class=\" eplus-wrapper eplus-styles-uid-09c4fc\">L&#8217;acquisto di alimenti e servizi di ristorazione \u00e8 un primo passo importante nella catena di fornitura di pasti sani e sostenibili nelle scuole. \u00c8 responsabilit\u00e0 degli amministratori comunali o scolastici trovare i fornitori giusti. Il budget disponibile \u00e8 tradizionalmente uno dei criteri principali per la selezione dei fornitori adatti. Tuttavia, \u00e8 altrettanto importante che le autorit\u00e0 pubbliche responsabili prendano in considerazione anche i costi della salute e i criteri ambientali associati al cibo al momento della stesura delle offerte e dell&#8217;assegnazione dei contratti. SF4C mira quindi a spostare l&#8217;attenzione dagli aspetti monetari a criteri che riflettano la sostenibilit\u00e0 e gli aspetti sanitari degli alimenti per il bene dei nostri figli e del nostro pianeta. I nuovi <strong>criteri di approvvigionamento SF4C<\/strong> sono stati concepiti per guidare i responsabili (spesso autorit\u00e0 locali e regionali) nella scelta dei fornitori giusti per un NUOVO MENU!<\/p>\n\n\n<p class=\" eplus-wrapper\"><\/p>\n\n\n\n<h4 class=\" eplus-wrapper\">MAGGIORI DETTAGLI<\/h4>\n\n\n\n<figure class=\"wp-block-image size-full is-resized eplus-wrapper\"><img decoding=\"async\" loading=\"lazy\" src=\"https:\/\/schoolfood.giftgruen.com\/it\/wp-content\/uploads\/sites\/8\/2022\/10\/student_computer_format-1.jpg\" alt=\"\" class=\"wp-image-3165\" width=\"734\" height=\"484\" \/><\/figure>\n\n\n\n<p class=\" eplus-wrapper\">I criteri di approvvigionamento di SF4C sono suddivisi in due livelli:\u202f<\/p>\n\n\n<p class=\"has-text-align-left eplus-wrapper eplus-styles-uid-6ea351\"><strong>1. Criteri fondamentali per alimenti sani e sostenibili\u202f<\/strong><\/p>\n\n<p class=\"has-text-align-left eplus-wrapper eplus-styles-uid-ca2bef\">I criteri fondamentali garantiscono un livello minimo di salute e sostenibilit\u00e0. Servono come nuova base per l&#8217;acquisto di alimenti pubblici sostenibili.<\/p>\n\n<p class=\" eplus-wrapper eplus-styles-uid-6ea351\"><strong>2. Criteri avanzati\u202f\u202f<\/strong><\/p>\n\n<p class=\" eplus-wrapper eplus-styles-uid-ca2bef\">Possono essere utilizzati dalle autorit\u00e0 pubbliche che vogliono andare oltre uno standard di salute e sostenibilit\u00e0 di base. Possono incoraggiare i fornitori di servizi a fornire soluzioni ancora pi\u00f9 sostenibili.<\/p>\n\n<p class=\" eplus-wrapper eplus-styles-uid-09c4fc\">I criteri proposti riguardano diversi aspetti dell&#8217;alimentazione e dei sistemi alimentari sostenibili, come ad esempio servire pi\u00f9 cibo biologico, stagionale, locale e cucinato al momento. L&#8217;obiettivo \u00e8 fornire pasti nutrienti ed equilibrati, garantendo al contempo distanze di trasporto pi\u00f9 brevi, minori emissioni di gas serra e un&#8217;economia locale pi\u00f9 forte. Vogliamo che tutti i bambini beneficino di alimenti e pasti di alta qualit\u00e0, in modo che possano godersi l&#8217;intera giornata scolastica.<\/p>\n\n<p class=\" eplus-wrapper eplus-styles-uid-09c4fc\">L&#8217;obiettivo di ogni scuola, di ogni citt\u00e0 e di ogni Paese dovrebbe essere quello di offrire e servire a ogni bambino <strong>cibo sano, delizioso e sostenibile allo stesso tempo<\/strong>, per il bene di noi esseri umani e del nostro pianeta. SchoolFood4Change sfrutta il potere di trasformazione del piatto pubblico e sostiene le scuole e le citt\u00e0 nell&#8217;implementazione di obiettivi e criteri rivoluzionari di approvvigionamento pubblico sostenibile per diventare veri e propri agenti di cambiamento per sistemi alimentari pi\u00f9 sostenibili.\u202f Mettiamoci a tavola. \u00c8 tempo di un nuovo menu!<\/p>\n\n\n<div class=\"wp-block-getwid-section alignfull alignfull\"><div class=\"wp-block-getwid-section__wrapper\"><div class=\"wp-block-getwid-section__inner-wrapper\"><div class=\"wp-block-getwid-section__background-holder\"><div class=\"wp-block-getwid-section__background\"><\/div><div class=\"wp-block-getwid-section__foreground\"><\/div><\/div><div class=\"wp-block-getwid-section__content\"><div class=\"wp-block-getwid-section__inner-content\">\n<div class=\"is-layout-flex wp-container-14 wp-block-columns eplus-wrapper\">\n<div class=\"is-layout-flow gg-blocks-teaser-cards wp-block-column eplus-wrapper\" style=\"flex-basis:100%\">\n<div class=\"is-layout-flex wp-container-12 wp-block-columns eplus-wrapper\"><div class=\"is-layout-flow wp-block-column has-ffffff-color has-317275-background-color has-text-color has-background eplus-wrapper eplus-styles-uid-b041c2\" style=\"padding-top:3em;padding-right:3.5em;padding-bottom:3em;padding-left:3.5em\"><h2 class=\"has-badedc-color has-text-color eplus-wrapper eplus-styles-uid-f31e0d\">Risorse<\/h2>\n\n<p class=\" eplus-wrapper eplus-styles-uid-b041c2\">Qui potete trovare e scaricare i risultati del nostro progetti, le pubblicazioni e altri materiali utili. Vi invitiamo a utilizzarli \u2013 buon appetito!<\/p>\n\n\n<div class=\"is-content-justification-center is-layout-flex wp-container-8 wp-block-buttons eplus-wrapper\"><div class=\"wp-block-button eplus-wrapper eplus-styles-uid-b041c2\"><a class=\"wp-block-button__link wp-element-button\" href=\"https:\/\/schoolfood.giftgruen.com\/it\/results\/\">Vedi risorse <\/a><\/div><\/div>\n<\/div>\n\n\n<div class=\"is-layout-flow wp-block-column has-badedc-background-color has-background eplus-wrapper\" style=\"padding-top:3em;padding-right:3.5em;padding-bottom:3em;padding-left:3.5em\"><h2 class=\" eplus-wrapper eplus-styles-uid-b041c2\">Contatti<\/h2>\n\n<p class=\" eplus-wrapper eplus-styles-uid-b041c2\">Vogliamo rimanere in contatto! Se avete domande su SchoolFood4Change, inviateci un&#8217;e-mail e saremo lieti di aiutarvi.<\/p>\n\n\n<div class=\"is-content-justification-center is-layout-flex wp-container-10 wp-block-buttons eplus-wrapper\"><div class=\"wp-block-button eplus-wrapper eplus-styles-uid-b041c2\"><a class=\"wp-block-button__link wp-element-button\" href=\"https:\/\/schoolfood.giftgruen.com\/it\/contact\/\">Contatta!<\/a><\/div><\/div>\n<\/div>\n<\/div>\n<\/div>\n<\/div>\n<\/div><\/div><\/div><\/div><\/div>\n","protected":false},"excerpt":{"rendered":"<p>L\u2019Approvvigionamento Alimentare Pubblico (PFP): un processo spesso supervisionato da autorit\u00e0 pubbliche come i governi comunali, che descrive un pacchetto di misure per modellare la produzione alimentare e la catena di approvvigionamento dai campi alla tavola. Come strumento politico, l&#8217;approvvigionamento alimentare pubblico \u00e8 noto per essere un fattore di trasformazione del sistema alimentare (fonte: The Lancet). IL CIBO \u00c8 LA NOSTRA PASSIONE, L&#8217;APPROVVIGIONAMENTO LA NOSTRA FORZA!&nbsp; Gli approcci innovativi all&#8217;approvvigionamento di alimenti sani e sostenibili per i pasti scolastici sono l&#8217;obiettivo di SchoolFood4Change (SF4C). SF4C segue un approccio olistico con l&#8217;obiettivo di consentire un cambiamento del sistema alimentare a livello di\u2026<\/p>\n","protected":false},"author":7,"featured_media":0,"parent":1303,"menu_order":0,"comment_status":"closed","ping_status":"closed","template":"","meta":{"inline_featured_image":false,"editor_plus_post_options":"{}","editor_plus_copied_stylings":"{}"},"blocksy_meta":{"styles_descriptor":{"styles":{"desktop":"","tablet":"","mobile":""},"google_fonts":[],"version":5}},"acf":[],"yoast_head":"<!-- This site is optimized with the Yoast SEO plugin v21.1 - https:\/\/yoast.com\/wordpress\/plugins\/seo\/ -->\n<title>Sustainable Public Food Procurement - SchoolFood4Change IT<\/title>\n<meta name=\"robots\" content=\"noindex, follow, max-snippet:-1, max-image-preview:large, max-video-preview:-1\" \/>\n<meta property=\"og:locale\" content=\"en_US\" \/>\n<meta property=\"og:type\" content=\"article\" \/>\n<meta property=\"og:title\" content=\"Sustainable Public Food Procurement - SchoolFood4Change IT\" \/>\n<meta property=\"og:description\" content=\"L\u2019Approvvigionamento Alimentare Pubblico (PFP): un processo spesso supervisionato da autorit\u00e0 pubbliche come i governi comunali, che descrive un pacchetto di misure per modellare la produzione alimentare e la catena di approvvigionamento dai campi alla tavola. Come strumento politico, l&#8217;approvvigionamento alimentare pubblico \u00e8 noto per essere un fattore di trasformazione del sistema alimentare (fonte: The Lancet). IL CIBO \u00c8 LA NOSTRA PASSIONE, L&#8217;APPROVVIGIONAMENTO LA NOSTRA FORZA!&nbsp; Gli approcci innovativi all&#8217;approvvigionamento di alimenti sani e sostenibili per i pasti scolastici sono l&#8217;obiettivo di SchoolFood4Change (SF4C). SF4C segue un approccio olistico con l&#8217;obiettivo di consentire un cambiamento del sistema alimentare a livello di\u2026\" \/>\n<meta property=\"og:url\" content=\"https:\/\/schoolfood.giftgruen.com\/it\/about\/sustainable-public-food-procurement\/\" \/>\n<meta property=\"og:site_name\" content=\"SchoolFood4Change IT\" \/>\n<meta property=\"article:modified_time\" content=\"2023-03-04T22:38:26+00:00\" \/>\n<meta property=\"og:image\" content=\"https:\/\/schoolfood.giftgruen.com\/it\/wp-content\/uploads\/sites\/8\/2022\/10\/student_computer_format-1.jpg\" \/>\n<meta name=\"twitter:card\" content=\"summary_large_image\" \/>\n<meta name=\"twitter:label1\" content=\"Est. reading time\" \/>\n\t<meta name=\"twitter:data1\" content=\"3 minutes\" \/>\n<script type=\"application\/ld+json\" class=\"yoast-schema-graph\">{\"@context\":\"https:\/\/schema.org\",\"@graph\":[{\"@type\":\"WebPage\",\"@id\":\"https:\/\/schoolfood.giftgruen.com\/it\/about\/sustainable-public-food-procurement\/\",\"url\":\"https:\/\/schoolfood.giftgruen.com\/it\/about\/sustainable-public-food-procurement\/\",\"name\":\"Sustainable Public Food Procurement - SchoolFood4Change IT\",\"isPartOf\":{\"@id\":\"https:\/\/schoolfood.giftgruen.com\/it\/#website\"},\"datePublished\":\"2022-10-04T14:49:38+00:00\",\"dateModified\":\"2023-03-04T22:38:26+00:00\",\"breadcrumb\":{\"@id\":\"https:\/\/schoolfood.giftgruen.com\/it\/about\/sustainable-public-food-procurement\/#breadcrumb\"},\"inLanguage\":\"en-US\",\"potentialAction\":[{\"@type\":\"ReadAction\",\"target\":[\"https:\/\/schoolfood.giftgruen.com\/it\/about\/sustainable-public-food-procurement\/\"]}]},{\"@type\":\"BreadcrumbList\",\"@id\":\"https:\/\/schoolfood.giftgruen.com\/it\/about\/sustainable-public-food-procurement\/#breadcrumb\",\"itemListElement\":[{\"@type\":\"ListItem\",\"position\":1,\"name\":\"Home\",\"item\":\"https:\/\/schoolfood.giftgruen.com\/it\/\"},{\"@type\":\"ListItem\",\"position\":2,\"name\":\"About\",\"item\":\"https:\/\/schoolfood.giftgruen.com\/it\/about\/\"},{\"@type\":\"ListItem\",\"position\":3,\"name\":\"Sustainable Public Food Procurement\"}]},{\"@type\":\"WebSite\",\"@id\":\"https:\/\/schoolfood.giftgruen.com\/it\/#website\",\"url\":\"https:\/\/schoolfood.giftgruen.com\/it\/\",\"name\":\"SchoolFood4Change IT\",\"description\":\"\",\"publisher\":{\"@id\":\"https:\/\/schoolfood.giftgruen.com\/it\/#organization\"},\"potentialAction\":[{\"@type\":\"SearchAction\",\"target\":{\"@type\":\"EntryPoint\",\"urlTemplate\":\"https:\/\/schoolfood.giftgruen.com\/it\/?s={search_term_string}\"},\"query-input\":\"required name=search_term_string\"}],\"inLanguage\":\"en-US\"},{\"@type\":\"Organization\",\"@id\":\"https:\/\/schoolfood.giftgruen.com\/it\/#organization\",\"name\":\"SchoolFood4Change IT\",\"url\":\"https:\/\/schoolfood.giftgruen.com\/it\/\",\"logo\":{\"@type\":\"ImageObject\",\"inLanguage\":\"en-US\",\"@id\":\"https:\/\/schoolfood.giftgruen.com\/it\/#\/schema\/logo\/image\/\",\"url\":\"https:\/\/schoolfood.giftgruen.com\/it\/wp-content\/uploads\/sites\/8\/2022\/06\/schholfood.svg\",\"contentUrl\":\"https:\/\/schoolfood.giftgruen.com\/it\/wp-content\/uploads\/sites\/8\/2022\/06\/schholfood.svg\",\"width\":273,\"height\":90,\"caption\":\"SchoolFood4Change IT\"},\"image\":{\"@id\":\"https:\/\/schoolfood.giftgruen.com\/it\/#\/schema\/logo\/image\/\"}}]}<\/script>\n<!-- \/ Yoast SEO plugin. -->","yoast_head_json":{"title":"Sustainable Public Food Procurement - SchoolFood4Change IT","robots":{"index":"noindex","follow":"follow","max-snippet":"max-snippet:-1","max-image-preview":"max-image-preview:large","max-video-preview":"max-video-preview:-1"},"og_locale":"en_US","og_type":"article","og_title":"Sustainable Public Food Procurement - SchoolFood4Change IT","og_description":"L\u2019Approvvigionamento Alimentare Pubblico (PFP): un processo spesso supervisionato da autorit\u00e0 pubbliche come i governi comunali, che descrive un pacchetto di misure per modellare la produzione alimentare e la catena di approvvigionamento dai campi alla tavola. Come strumento politico, l&#8217;approvvigionamento alimentare pubblico \u00e8 noto per essere un fattore di trasformazione del sistema alimentare (fonte: The Lancet). IL CIBO \u00c8 LA NOSTRA PASSIONE, L&#8217;APPROVVIGIONAMENTO LA NOSTRA FORZA!&nbsp; Gli approcci innovativi all&#8217;approvvigionamento di alimenti sani e sostenibili per i pasti scolastici sono l&#8217;obiettivo di SchoolFood4Change (SF4C). SF4C segue un approccio olistico con l&#8217;obiettivo di consentire un cambiamento del sistema alimentare a livello di\u2026","og_url":"https:\/\/schoolfood.giftgruen.com\/it\/about\/sustainable-public-food-procurement\/","og_site_name":"SchoolFood4Change IT","article_modified_time":"2023-03-04T22:38:26+00:00","og_image":[{"url":"https:\/\/schoolfood.giftgruen.com\/it\/wp-content\/uploads\/sites\/8\/2022\/10\/student_computer_format-1.jpg"}],"twitter_card":"summary_large_image","twitter_misc":{"Est. reading time":"3 minutes"},"schema":{"@context":"https:\/\/schema.org","@graph":[{"@type":"WebPage","@id":"https:\/\/schoolfood.giftgruen.com\/it\/about\/sustainable-public-food-procurement\/","url":"https:\/\/schoolfood.giftgruen.com\/it\/about\/sustainable-public-food-procurement\/","name":"Sustainable Public Food Procurement - SchoolFood4Change IT","isPartOf":{"@id":"https:\/\/schoolfood.giftgruen.com\/it\/#website"},"datePublished":"2022-10-04T14:49:38+00:00","dateModified":"2023-03-04T22:38:26+00:00","breadcrumb":{"@id":"https:\/\/schoolfood.giftgruen.com\/it\/about\/sustainable-public-food-procurement\/#breadcrumb"},"inLanguage":"en-US","potentialAction":[{"@type":"ReadAction","target":["https:\/\/schoolfood.giftgruen.com\/it\/about\/sustainable-public-food-procurement\/"]}]},{"@type":"BreadcrumbList","@id":"https:\/\/schoolfood.giftgruen.com\/it\/about\/sustainable-public-food-procurement\/#breadcrumb","itemListElement":[{"@type":"ListItem","position":1,"name":"Home","item":"https:\/\/schoolfood.giftgruen.com\/it\/"},{"@type":"ListItem","position":2,"name":"About","item":"https:\/\/schoolfood.giftgruen.com\/it\/about\/"},{"@type":"ListItem","position":3,"name":"Sustainable Public Food Procurement"}]},{"@type":"WebSite","@id":"https:\/\/schoolfood.giftgruen.com\/it\/#website","url":"https:\/\/schoolfood.giftgruen.com\/it\/","name":"SchoolFood4Change IT","description":"","publisher":{"@id":"https:\/\/schoolfood.giftgruen.com\/it\/#organization"},"potentialAction":[{"@type":"SearchAction","target":{"@type":"EntryPoint","urlTemplate":"https:\/\/schoolfood.giftgruen.com\/it\/?s={search_term_string}"},"query-input":"required name=search_term_string"}],"inLanguage":"en-US"},{"@type":"Organization","@id":"https:\/\/schoolfood.giftgruen.com\/it\/#organization","name":"SchoolFood4Change IT","url":"https:\/\/schoolfood.giftgruen.com\/it\/","logo":{"@type":"ImageObject","inLanguage":"en-US","@id":"https:\/\/schoolfood.giftgruen.com\/it\/#\/schema\/logo\/image\/","url":"https:\/\/schoolfood.giftgruen.com\/it\/wp-content\/uploads\/sites\/8\/2022\/06\/schholfood.svg","contentUrl":"https:\/\/schoolfood.giftgruen.com\/it\/wp-content\/uploads\/sites\/8\/2022\/06\/schholfood.svg","width":273,"height":90,"caption":"SchoolFood4Change IT"},"image":{"@id":"https:\/\/schoolfood.giftgruen.com\/it\/#\/schema\/logo\/image\/"}}]}},"_links":{"self":[{"href":"https:\/\/schoolfood.giftgruen.com\/it\/wp-json\/wp\/v2\/pages\/3138"}],"collection":[{"href":"https:\/\/schoolfood.giftgruen.com\/it\/wp-json\/wp\/v2\/pages"}],"about":[{"href":"https:\/\/schoolfood.giftgruen.com\/it\/wp-json\/wp\/v2\/types\/page"}],"author":[{"embeddable":true,"href":"https:\/\/schoolfood.giftgruen.com\/it\/wp-json\/wp\/v2\/users\/7"}],"replies":[{"embeddable":true,"href":"https:\/\/schoolfood.giftgruen.com\/it\/wp-json\/wp\/v2\/comments?post=3138"}],"version-history":[{"count":38,"href":"https:\/\/schoolfood.giftgruen.com\/it\/wp-json\/wp\/v2\/pages\/3138\/revisions"}],"predecessor-version":[{"id":3772,"href":"https:\/\/schoolfood.giftgruen.com\/it\/wp-json\/wp\/v2\/pages\/3138\/revisions\/3772"}],"up":[{"embeddable":true,"href":"https:\/\/schoolfood.giftgruen.com\/it\/wp-json\/wp\/v2\/pages\/1303"}],"wp:attachment":[{"href":"https:\/\/schoolfood.giftgruen.com\/it\/wp-json\/wp\/v2\/media?parent=3138"}],"curies":[{"name":"wp","href":"https:\/\/api.w.org\/{rel}","templated":true}]}}