{"id":3143,"date":"2022-10-04T16:51:30","date_gmt":"2022-10-04T14:51:30","guid":{"rendered":"https:\/\/schoolfood.giftgruen.com\/es\/?page_id=3143"},"modified":"2023-05-12T14:38:12","modified_gmt":"2023-05-12T12:38:12","slug":"whole-school-food-approach","status":"publish","type":"page","link":"https:\/\/schoolfood.giftgruen.com\/es\/about\/whole-school-food-approach\/","title":{"rendered":"Enfoque integral de la alimentaci\u00f3n en toda la escuela"},"content":{"rendered":"\n<div class=\"wp-block-getwid-section alignfull  gg-teaser-textheadline gg-teaser-textheadline--green alignfull getwid-margin-top-normal getwid-margin-bottom-normal getwid-section-content-full-width\"><div class=\"wp-block-getwid-section__wrapper getwid-padding-top-none getwid-padding-bottom-none getwid-padding-left-none getwid-padding-right-none\"><div class=\"wp-block-getwid-section__inner-wrapper\"><div class=\"wp-block-getwid-section__background-holder\"><div class=\"wp-block-getwid-section__background has-background has-badedc-background-color\"><\/div><div class=\"wp-block-getwid-section__foreground\"><\/div><\/div><div class=\"wp-block-getwid-section__content\"><div class=\"wp-block-getwid-section__inner-content\"><div class=\"is-layout-flex wp-container-3 wp-block-columns eplus-wrapper eplus-styles-uid-a31d5b\"><div class=\"is-layout-flow gg-shape--events gg-shape--events--green wp-block-column eplus-wrapper eplus-styles-uid-c9e774\" style=\"flex-basis:53%\"><\/div>\n\n<div class=\"is-layout-flow wp-block-column eplus-wrapper eplus-styles-uid-7740a8\" style=\"flex-basis:33.3%\">\n<h1 class=\" eplus-wrapper\">enfoque integral de la alimentaci\u00f3n escolar<\/h1>\n<\/div><\/div><\/div><\/div><\/div><\/div><\/div>\n\n\n\n<h4 class=\" eplus-wrapper\">\u00a1Adoptemos un enfoque hol\u00edstico!&nbsp;<\/h4>\n\n\n\n<p class=\" eplus-wrapper\">El Enfoque Integral de la Alimentaci&#8217;on en toda la Escuela (EAAE) es un concepto hol\u00edstico que ofrece al alumnado opciones alimentarias m\u00e1s sanas y sostenibles a largo plazo. No se trata s\u00f3lo de los alimentos que se sirven en las escuelas, sino tambi\u00e9n de su procedencia y de las repercusiones de su producci\u00f3n en el medio ambiente y la salud. Poner en pr\u00e1ctica el EIAE requiere el trabajo en equipo del personal escolar, los\/as cocineros\/as, los escolares y todas las dem\u00e1s partes interesadas.<\/p>\n\n\n\n<p class=\" eplus-wrapper\">\u00bfQuieres unirte al equipo? Haga clic aqu\u00ed para descargar las \u00faltimas directrices sobre el enfoque alimentario integral para centros escolares, ciudades y regiones <a href=\"https:\/\/schoolfood.giftgruen.com\/es\/wp-content\/uploads\/sites\/13\/2022\/07\/SF4C_WholeSchoolFoodApproach_Framework_EN_web_new.pdf\" target=\"_blank\" rel=\"noreferrer noopener\">&gt;&gt;&gt;&nbsp;<\/a>&nbsp;<\/p>\n\n\n\n<h5 class=\" eplus-wrapper\"><strong>A\u00f1ada los ingredientes \u00abalimentaci\u00f3n\u00bb y \u00abeducaci\u00f3n\u00bb y vea lo que ocurre.<\/strong><\/h5>\n\n\n<p class=\" eplus-wrapper eplus-styles-uid-e03422\">En la pr\u00e1ctica, no existe una receta f\u00e1cil para la transici\u00f3n hacia sistemas alimentarios escolares sostenibles mediante la integraci\u00f3n de la alimentaci\u00f3n y la educaci\u00f3n sostenibles. El EIAE gu\u00eda a los agentes del cambio en cada paso del camino y ayuda a conseguir un cambio sist\u00e9mico en toda la comunidad abordando la composici\u00f3n de las comidas escolares y los comedores escolares como entornos de aprendizaje.<\/p>\n\n\n<div class=\"wp-block-getwid-section alignfull alignfull\"><div class=\"wp-block-getwid-section__wrapper\"><div class=\"wp-block-getwid-section__inner-wrapper\"><div class=\"wp-block-getwid-section__background-holder\"><div class=\"wp-block-getwid-section__background has-background has-badedc-background-color\"><\/div><div class=\"wp-block-getwid-section__foreground\"><\/div><\/div><div class=\"wp-block-getwid-section__content\"><div class=\"wp-block-getwid-section__inner-content\">\n<h5 class=\" eplus-wrapper\">el enfoqu est\u00e1 basado en los siguientes cuatro pilares:<\/h5>\n\n\n\n<div class=\"is-layout-flex wp-container-6 wp-block-columns eplus-wrapper\">\n<div class=\"is-layout-flow wp-block-column eplus-wrapper\" style=\"flex-basis:66.66%\">\n<div style=\"height:71px\" aria-hidden=\"true\" class=\"wp-block-spacer eplus-wrapper\"><\/div>\n\n\n\n<ol class=\" eplus-wrapper\">\n<li class=\" eplus-wrapper\"><strong>Pol\u00edtica y liderazgo<\/strong>: convencer a las partes interesadas para que hagan de la alimentaci\u00f3n una parte intr\u00ednseca de la vida escolar.<\/li>\n\n\n\n<li class=\" eplus-wrapper\"><strong>Alimentaci\u00f3n y sostenibilidad<\/strong>: proporcionar alimentos sanos y sostenibles en los comedores escolares, durante los recreos y fuera del entorno escolar.\u202f<\/li>\n\n\n\n<li class=\" eplus-wrapper\"><strong>Educaci\u00f3n y aprendizaje<\/strong>: ampliar el plan de estudios y participar en la contrataci\u00f3n de personal escolar, cocineros\/as, directores\/as y docentes.<\/li>\n\n\n\n<li class=\" eplus-wrapper\"><strong>Comunidad y asociaci\u00f3n<\/strong>: cooperaci\u00f3n con las partes interesadas asociadas a la escuela, como el personal escolar y los docentes, las tiendas locales, los restaurantes, las personas productoras, etc.<\/li>\n<\/ol>\n<\/div>\n\n\n\n<div class=\"is-layout-flow wp-block-column eplus-wrapper\" style=\"flex-basis:33.33%\">\n<figure class=\"wp-block-image size-full is-resized eplus-wrapper\"><img decoding=\"async\" loading=\"lazy\" src=\"https:\/\/schoolfood.giftgruen.com\/es\/wp-content\/uploads\/sites\/13\/2022\/10\/WSFA-Idea-1.png\" alt=\"\" class=\"wp-image-3210\" width=\"381\" height=\"375\" \/><\/figure>\n<\/div>\n<\/div>\n<\/div><\/div><\/div><\/div><\/div>\n\n\n<p class=\" eplus-wrapper eplus-styles-uid-e03422\">Las directrices del EIAE, recientemente desarrolladas en el proyecto SF4C, describen detalladamente cada pilar. Tambi\u00e9n incluyen posibles puntos de partida, medidas de aplicaci\u00f3n, funciones de las partes interesadas y criterios de evaluaci\u00f3n. Este marco ayuda a las escuelas a facilitar la transici\u00f3n proporcionando informaci\u00f3n sobre m\u00e9todos pr\u00e1cticos de ense\u00f1anza, actividades de aprendizaje y la participaci\u00f3n activa del alumnado y el equipo docente. El objetivo es vincular e implicar a todos los agentes a lo largo de toda la cadena con una nueva visi\u00f3n de las comidas escolares sostenibles.\u202f\u202f<\/p>\n\n\n<h5 class=\" eplus-wrapper\"><strong>Las escuelas como catalizadoras de la transici\u00f3n hacia sistemas alimentarios escolares sostenibles<\/strong><\/h5>\n\n\n\n<p class=\" eplus-wrapper\">El EIAE invita a proveedores de comidas escolares, funcionarios municipales, personas productoras, familias y alumnos a sentarse juntos en una mesa. Esto hace posible que todos entiendan de d\u00f3nde proceden los alimentos, lo que hacen a sus cuerpos y c\u00f3mo afectan al clima y al medio ambiente.\u202f\u202f<\/p>\n\n\n\n<p class=\" eplus-wrapper\">El planteamiento tambi\u00e9n acerca el aula al campo (o viceversa) mediante iniciativas de hermanamiento entre granjas y escuelas. De este modo, los ni\u00f1os y ni\u00f1as tienen la oportunidad de experimentar el ciclo completo de cultivo de sus alimentos, mientras que las personas productoras tienen la oportunidad de conectar directamente con los consumidores m\u00e1s j\u00f3venes.<\/p>\n\n\n\n<div class=\"is-layout-flex wp-container-10 wp-block-columns eplus-wrapper\">\n<div class=\"is-layout-flow wp-block-column eplus-wrapper\" style=\"flex-basis:25%\">\n<div class=\"wp-block-getwid-icon has-layout-stacked is-aligned-right\"><div class=\"wp-block-getwid-icon__wrapper has-text-color has-c-83554-color\" style=\"font-size:150px\"><i class=\"fas fa-medal\"><\/i><\/div><\/div>\n<\/div>\n\n\n<div class=\"is-layout-flow wp-block-column has-317275-background-color has-background eplus-wrapper eplus-styles-uid-2466e5\" style=\"flex-basis:50%\">\n<h5 class=\"has-ffffff-color has-text-color eplus-wrapper\">EL COMPROMISO SE RECOMPENSA : CENTROS ESCOLARES, CONSIGAN SU MEDALLA DEL ENFOQUE integral de la alimentaci\u00f3n escolar<\/h5>\n\n\n\n<p class=\"has-ffffff-color has-text-color eplus-wrapper\">Los centros participantes que apliquen con \u00e9xito los criterios pueden solicitar la categor\u00eda de bronce, plata u oro y recibir una medalla para mostrar sus logros y motivar a otros centros a participar. <strong>Escuelas, \u00a1sean pioneras!<\/strong> <\/p>\n<\/div>\n\n\n<div class=\"is-layout-flow wp-block-column eplus-wrapper\" style=\"flex-basis:25%\">\n<div class=\"wp-block-getwid-icon has-layout-stacked\"><div class=\"wp-block-getwid-icon__wrapper has-text-color has-c-83554-color\" style=\"font-size:150px\"><i class=\"fas fa-medal\"><\/i><\/div><\/div>\n<\/div>\n<\/div>\n\n\n\n<div class=\"wp-block-getwid-section alignfull alignfull\"><div class=\"wp-block-getwid-section__wrapper\"><div class=\"wp-block-getwid-section__inner-wrapper\"><div class=\"wp-block-getwid-section__background-holder\"><div class=\"wp-block-getwid-section__background\"><\/div><div class=\"wp-block-getwid-section__foreground\"><\/div><\/div><div class=\"wp-block-getwid-section__content\"><div class=\"wp-block-getwid-section__inner-content\">\n<div class=\"is-layout-flex wp-container-17 wp-block-columns eplus-wrapper\">\n<div class=\"is-layout-flow gg-blocks-teaser-cards wp-block-column eplus-wrapper\" style=\"flex-basis:100%\">\n<div class=\"is-layout-flex wp-container-15 wp-block-columns eplus-wrapper\">\n<div class=\"is-layout-flow wp-block-column has-badedc-background-color has-background eplus-wrapper\" style=\"padding-top:3em;padding-right:3.5em;padding-bottom:3em;padding-left:3.5em\">\n<h2 class=\"has-317275-color has-text-color eplus-wrapper\">Recursos<\/h2>\n\n\n\n<p class=\"has-1-d-1-d-1-b-color has-text-color eplus-wrapper\">Aqu\u00ed puede encontrar y descargar los resultados de nuestros proyectos, publicaciones y otros materiales \u00fatiles. Le invitamos a utilizarlos. \u00a1Buen provecho!<\/p>\n\n\n\n<div class=\"is-layout-flex wp-block-buttons eplus-wrapper\">\n<div class=\"wp-block-button eplus-wrapper\"><a class=\"wp-block-button__link wp-element-button\" href=\"https:\/\/schoolfood.giftgruen.com\/es\/results\/\">Ver recursos<\/a><\/div>\n<\/div>\n<\/div>\n\n\n\n<div class=\"is-layout-flow wp-block-column has-badedc-background-color has-background eplus-wrapper\" style=\"padding-top:3em;padding-right:3.5em;padding-bottom:3em;padding-left:3.5em\">\n<h2 class=\" eplus-wrapper\">Contacto<\/h2>\n\n\n\n<p class=\" eplus-wrapper\">\u00a1Queremos escucharte! Si tienes alguna pregunta o comentario sobre SchoolFood4Change, env\u00edanos un correo electr\u00f3nico. Estaremos encantadas de ayudarte.&nbsp;&nbsp;<\/p>\n\n\n\n<div class=\"is-layout-flex wp-block-buttons eplus-wrapper\">\n<div class=\"wp-block-button eplus-wrapper\"><a class=\"wp-block-button__link wp-element-button\" href=\"https:\/\/schoolfood.giftgruen.com\/es\/contact\/\">Cont\u00e1ctanos<\/a><\/div>\n<\/div>\n<\/div>\n<\/div>\n<\/div>\n<\/div>\n<\/div><\/div><\/div><\/div><\/div>\n","protected":false},"excerpt":{"rendered":"<p>\u00a1Adoptemos un enfoque hol\u00edstico!&nbsp; El Enfoque Integral de la Alimentaci&#8217;on en toda la Escuela (EAAE) es un concepto hol\u00edstico que ofrece al alumnado opciones alimentarias m\u00e1s sanas y sostenibles a largo plazo. No se trata s\u00f3lo de los alimentos que se sirven en las escuelas, sino tambi\u00e9n de su procedencia y de las repercusiones de su producci\u00f3n en el medio ambiente y la salud. Poner en pr\u00e1ctica el EIAE requiere el trabajo en equipo del personal escolar, los\/as cocineros\/as, los escolares y todas las dem\u00e1s partes interesadas. \u00bfQuieres unirte al equipo? Haga clic aqu\u00ed para descargar las \u00faltimas directrices sobre\u2026<\/p>\n","protected":false},"author":7,"featured_media":0,"parent":1303,"menu_order":1,"comment_status":"closed","ping_status":"closed","template":"","meta":{"inline_featured_image":false,"editor_plus_post_options":"{}","editor_plus_copied_stylings":"{}"},"blocksy_meta":{"styles_descriptor":{"styles":{"desktop":"","tablet":"","mobile":""},"google_fonts":[],"version":5}},"acf":[],"yoast_head":"<!-- This site is optimized with the Yoast SEO plugin v21.1 - https:\/\/yoast.com\/wordpress\/plugins\/seo\/ -->\n<title>Enfoque integral de la alimentaci\u00f3n en toda la escuela - SchoolFood4Change ES<\/title>\n<meta name=\"robots\" content=\"noindex, follow, max-snippet:-1, max-image-preview:large, max-video-preview:-1\" \/>\n<meta property=\"og:locale\" content=\"es_ES\" \/>\n<meta property=\"og:type\" content=\"article\" \/>\n<meta property=\"og:title\" content=\"Enfoque integral de la alimentaci\u00f3n en toda la escuela - SchoolFood4Change ES\" \/>\n<meta property=\"og:description\" content=\"\u00a1Adoptemos un enfoque hol\u00edstico!&nbsp; El Enfoque Integral de la Alimentaci&#8217;on en toda la Escuela (EAAE) es un concepto hol\u00edstico que ofrece al alumnado opciones alimentarias m\u00e1s sanas y sostenibles a largo plazo. No se trata s\u00f3lo de los alimentos que se sirven en las escuelas, sino tambi\u00e9n de su procedencia y de las repercusiones de su producci\u00f3n en el medio ambiente y la salud. Poner en pr\u00e1ctica el EIAE requiere el trabajo en equipo del personal escolar, los\/as cocineros\/as, los escolares y todas las dem\u00e1s partes interesadas. \u00bfQuieres unirte al equipo? Haga clic aqu\u00ed para descargar las \u00faltimas directrices sobre\u2026\" \/>\n<meta property=\"og:url\" content=\"https:\/\/schoolfood.giftgruen.com\/es\/about\/whole-school-food-approach\/\" \/>\n<meta property=\"og:site_name\" content=\"SchoolFood4Change ES\" \/>\n<meta property=\"article:modified_time\" content=\"2023-05-12T12:38:12+00:00\" \/>\n<meta property=\"og:image\" content=\"https:\/\/schoolfood.giftgruen.com\/es\/wp-content\/uploads\/sites\/13\/2022\/10\/WSFA-Idea-1.png\" \/>\n<meta name=\"twitter:card\" content=\"summary_large_image\" \/>\n<meta name=\"twitter:label1\" content=\"Tiempo de lectura\" \/>\n\t<meta name=\"twitter:data1\" content=\"3 minutos\" \/>\n<script type=\"application\/ld+json\" class=\"yoast-schema-graph\">{\"@context\":\"https:\/\/schema.org\",\"@graph\":[{\"@type\":\"WebPage\",\"@id\":\"https:\/\/schoolfood.giftgruen.com\/es\/about\/whole-school-food-approach\/\",\"url\":\"https:\/\/schoolfood.giftgruen.com\/es\/about\/whole-school-food-approach\/\",\"name\":\"Enfoque integral de la alimentaci\u00f3n en toda la escuela - SchoolFood4Change ES\",\"isPartOf\":{\"@id\":\"https:\/\/schoolfood.giftgruen.com\/es\/#website\"},\"datePublished\":\"2022-10-04T14:51:30+00:00\",\"dateModified\":\"2023-05-12T12:38:12+00:00\",\"breadcrumb\":{\"@id\":\"https:\/\/schoolfood.giftgruen.com\/es\/about\/whole-school-food-approach\/#breadcrumb\"},\"inLanguage\":\"es\",\"potentialAction\":[{\"@type\":\"ReadAction\",\"target\":[\"https:\/\/schoolfood.giftgruen.com\/es\/about\/whole-school-food-approach\/\"]}]},{\"@type\":\"BreadcrumbList\",\"@id\":\"https:\/\/schoolfood.giftgruen.com\/es\/about\/whole-school-food-approach\/#breadcrumb\",\"itemListElement\":[{\"@type\":\"ListItem\",\"position\":1,\"name\":\"Home\",\"item\":\"https:\/\/schoolfood.giftgruen.com\/es\/\"},{\"@type\":\"ListItem\",\"position\":2,\"name\":\"SOBRE SF4C\",\"item\":\"https:\/\/schoolfood.giftgruen.com\/es\/about\/\"},{\"@type\":\"ListItem\",\"position\":3,\"name\":\"Enfoque integral de la alimentaci\u00f3n en toda la escuela\"}]},{\"@type\":\"WebSite\",\"@id\":\"https:\/\/schoolfood.giftgruen.com\/es\/#website\",\"url\":\"https:\/\/schoolfood.giftgruen.com\/es\/\",\"name\":\"SchoolFood4Change ES\",\"description\":\"\",\"publisher\":{\"@id\":\"https:\/\/schoolfood.giftgruen.com\/es\/#organization\"},\"potentialAction\":[{\"@type\":\"SearchAction\",\"target\":{\"@type\":\"EntryPoint\",\"urlTemplate\":\"https:\/\/schoolfood.giftgruen.com\/es\/?s={search_term_string}\"},\"query-input\":\"required name=search_term_string\"}],\"inLanguage\":\"es\"},{\"@type\":\"Organization\",\"@id\":\"https:\/\/schoolfood.giftgruen.com\/es\/#organization\",\"name\":\"SchoolFood4Change ES\",\"url\":\"https:\/\/schoolfood.giftgruen.com\/es\/\",\"logo\":{\"@type\":\"ImageObject\",\"inLanguage\":\"es\",\"@id\":\"https:\/\/schoolfood.giftgruen.com\/es\/#\/schema\/logo\/image\/\",\"url\":\"https:\/\/schoolfood.giftgruen.com\/es\/wp-content\/uploads\/sites\/13\/2022\/06\/schholfood.svg\",\"contentUrl\":\"https:\/\/schoolfood.giftgruen.com\/es\/wp-content\/uploads\/sites\/13\/2022\/06\/schholfood.svg\",\"width\":273,\"height\":90,\"caption\":\"SchoolFood4Change ES\"},\"image\":{\"@id\":\"https:\/\/schoolfood.giftgruen.com\/es\/#\/schema\/logo\/image\/\"}}]}<\/script>\n<!-- \/ Yoast SEO plugin. -->","yoast_head_json":{"title":"Enfoque integral de la alimentaci\u00f3n en toda la escuela - SchoolFood4Change ES","robots":{"index":"noindex","follow":"follow","max-snippet":"max-snippet:-1","max-image-preview":"max-image-preview:large","max-video-preview":"max-video-preview:-1"},"og_locale":"es_ES","og_type":"article","og_title":"Enfoque integral de la alimentaci\u00f3n en toda la escuela - SchoolFood4Change ES","og_description":"\u00a1Adoptemos un enfoque hol\u00edstico!&nbsp; El Enfoque Integral de la Alimentaci&#8217;on en toda la Escuela (EAAE) es un concepto hol\u00edstico que ofrece al alumnado opciones alimentarias m\u00e1s sanas y sostenibles a largo plazo. No se trata s\u00f3lo de los alimentos que se sirven en las escuelas, sino tambi\u00e9n de su procedencia y de las repercusiones de su producci\u00f3n en el medio ambiente y la salud. Poner en pr\u00e1ctica el EIAE requiere el trabajo en equipo del personal escolar, los\/as cocineros\/as, los escolares y todas las dem\u00e1s partes interesadas. \u00bfQuieres unirte al equipo? Haga clic aqu\u00ed para descargar las \u00faltimas directrices sobre\u2026","og_url":"https:\/\/schoolfood.giftgruen.com\/es\/about\/whole-school-food-approach\/","og_site_name":"SchoolFood4Change ES","article_modified_time":"2023-05-12T12:38:12+00:00","og_image":[{"url":"https:\/\/schoolfood.giftgruen.com\/es\/wp-content\/uploads\/sites\/13\/2022\/10\/WSFA-Idea-1.png"}],"twitter_card":"summary_large_image","twitter_misc":{"Tiempo de lectura":"3 minutos"},"schema":{"@context":"https:\/\/schema.org","@graph":[{"@type":"WebPage","@id":"https:\/\/schoolfood.giftgruen.com\/es\/about\/whole-school-food-approach\/","url":"https:\/\/schoolfood.giftgruen.com\/es\/about\/whole-school-food-approach\/","name":"Enfoque integral de la alimentaci\u00f3n en toda la escuela - SchoolFood4Change ES","isPartOf":{"@id":"https:\/\/schoolfood.giftgruen.com\/es\/#website"},"datePublished":"2022-10-04T14:51:30+00:00","dateModified":"2023-05-12T12:38:12+00:00","breadcrumb":{"@id":"https:\/\/schoolfood.giftgruen.com\/es\/about\/whole-school-food-approach\/#breadcrumb"},"inLanguage":"es","potentialAction":[{"@type":"ReadAction","target":["https:\/\/schoolfood.giftgruen.com\/es\/about\/whole-school-food-approach\/"]}]},{"@type":"BreadcrumbList","@id":"https:\/\/schoolfood.giftgruen.com\/es\/about\/whole-school-food-approach\/#breadcrumb","itemListElement":[{"@type":"ListItem","position":1,"name":"Home","item":"https:\/\/schoolfood.giftgruen.com\/es\/"},{"@type":"ListItem","position":2,"name":"SOBRE SF4C","item":"https:\/\/schoolfood.giftgruen.com\/es\/about\/"},{"@type":"ListItem","position":3,"name":"Enfoque integral de la alimentaci\u00f3n en toda la escuela"}]},{"@type":"WebSite","@id":"https:\/\/schoolfood.giftgruen.com\/es\/#website","url":"https:\/\/schoolfood.giftgruen.com\/es\/","name":"SchoolFood4Change ES","description":"","publisher":{"@id":"https:\/\/schoolfood.giftgruen.com\/es\/#organization"},"potentialAction":[{"@type":"SearchAction","target":{"@type":"EntryPoint","urlTemplate":"https:\/\/schoolfood.giftgruen.com\/es\/?s={search_term_string}"},"query-input":"required name=search_term_string"}],"inLanguage":"es"},{"@type":"Organization","@id":"https:\/\/schoolfood.giftgruen.com\/es\/#organization","name":"SchoolFood4Change ES","url":"https:\/\/schoolfood.giftgruen.com\/es\/","logo":{"@type":"ImageObject","inLanguage":"es","@id":"https:\/\/schoolfood.giftgruen.com\/es\/#\/schema\/logo\/image\/","url":"https:\/\/schoolfood.giftgruen.com\/es\/wp-content\/uploads\/sites\/13\/2022\/06\/schholfood.svg","contentUrl":"https:\/\/schoolfood.giftgruen.com\/es\/wp-content\/uploads\/sites\/13\/2022\/06\/schholfood.svg","width":273,"height":90,"caption":"SchoolFood4Change ES"},"image":{"@id":"https:\/\/schoolfood.giftgruen.com\/es\/#\/schema\/logo\/image\/"}}]}},"_links":{"self":[{"href":"https:\/\/schoolfood.giftgruen.com\/es\/wp-json\/wp\/v2\/pages\/3143"}],"collection":[{"href":"https:\/\/schoolfood.giftgruen.com\/es\/wp-json\/wp\/v2\/pages"}],"about":[{"href":"https:\/\/schoolfood.giftgruen.com\/es\/wp-json\/wp\/v2\/types\/page"}],"author":[{"embeddable":true,"href":"https:\/\/schoolfood.giftgruen.com\/es\/wp-json\/wp\/v2\/users\/7"}],"replies":[{"embeddable":true,"href":"https:\/\/schoolfood.giftgruen.com\/es\/wp-json\/wp\/v2\/comments?post=3143"}],"version-history":[{"count":26,"href":"https:\/\/schoolfood.giftgruen.com\/es\/wp-json\/wp\/v2\/pages\/3143\/revisions"}],"predecessor-version":[{"id":3849,"href":"https:\/\/schoolfood.giftgruen.com\/es\/wp-json\/wp\/v2\/pages\/3143\/revisions\/3849"}],"up":[{"embeddable":true,"href":"https:\/\/schoolfood.giftgruen.com\/es\/wp-json\/wp\/v2\/pages\/1303"}],"wp:attachment":[{"href":"https:\/\/schoolfood.giftgruen.com\/es\/wp-json\/wp\/v2\/media?parent=3143"}],"curies":[{"name":"wp","href":"https:\/\/api.w.org\/{rel}","templated":true}]}}