{"id":3138,"date":"2022-10-04T16:49:38","date_gmt":"2022-10-04T14:49:38","guid":{"rendered":"https:\/\/schoolfood.giftgruen.com\/es\/?page_id=3138"},"modified":"2023-05-12T14:37:53","modified_gmt":"2023-05-12T12:37:53","slug":"sustainable-public-food-procurement","status":"publish","type":"page","link":"https:\/\/schoolfood.giftgruen.com\/es\/about\/sustainable-public-food-procurement\/","title":{"rendered":"Compra p\u00fablica alimentaria sostenible"},"content":{"rendered":"\n<div class=\"wp-block-getwid-section alignfull  gg-teaser-textheadline gg-teaser-textheadline--green alignfull getwid-margin-top-normal getwid-margin-bottom-normal getwid-section-content-full-width\"><div class=\"wp-block-getwid-section__wrapper getwid-padding-top-none getwid-padding-bottom-none getwid-padding-left-none getwid-padding-right-none\"><div class=\"wp-block-getwid-section__inner-wrapper\"><div class=\"wp-block-getwid-section__background-holder\"><div class=\"wp-block-getwid-section__background has-background has-badedc-background-color\"><\/div><div class=\"wp-block-getwid-section__foreground\"><\/div><\/div><div class=\"wp-block-getwid-section__content\"><div class=\"wp-block-getwid-section__inner-content\"><div class=\"is-layout-flex wp-container-3 wp-block-columns eplus-wrapper eplus-styles-uid-a31d5b\"><div class=\"is-layout-flow gg-shape--events gg-shape--events--green wp-block-column eplus-wrapper eplus-styles-uid-ee505a\" style=\"flex-basis:53%\"><\/div>\n\n<div class=\"is-layout-flow wp-block-column eplus-wrapper eplus-styles-uid-7740a8\" style=\"flex-basis:33.3%\">\n<h1 class=\"has-text-align-center eplus-wrapper\"><strong>COMPRA P\u00daBLICA ALIMENTARIA SOSTENIBLE <\/strong><\/h1>\n<\/div><\/div><\/div><\/div><\/div><\/div><\/div>\n\n\n\n<div class=\"is-layout-flex wp-container-7 wp-block-columns eplus-wrapper\">\n<div class=\"is-layout-flow wp-block-column eplus-wrapper\">\n<div class=\"wp-block-getwid-icon-box has-icon-right has-text-right\"><div class=\"wp-block-getwid-icon-box__icon-container has-layout-stacked is-position-top\"><div class=\"wp-block-getwid-icon-box__icon-wrapper has-background has-badedc-background-color has-text-color has-317275-color\"><i class=\"fas fa-info\"><\/i><\/div><\/div><div class=\"wp-block-getwid-icon-box__content\">\n<p class=\" eplus-wrapper\"><\/p>\n<\/div><\/div>\n<\/div>\n\n\n\n<div class=\"is-layout-flow wp-block-column eplus-wrapper\" style=\"flex-basis:50%\">\n<p class=\"has-ffffff-color has-317275-background-color has-text-color has-background eplus-wrapper\"><strong>Compra p\u00fablica de alimentos (CPA)<\/strong>: un proceso a menudo supervisado por autoridades p\u00fablicas como los gobiernos municipales, que describe un paquete de medidas para dar forma a la cadena de producci\u00f3n y suministro de alimentos desde la granja hasta la mesa. Como instrumento pol\u00edtico, la compra p\u00fablica de alimentos se considera un factor de cambio para la transformaci\u00f3n del sistema alimentario (fuente: The Lancet).<\/p>\n<\/div>\n\n\n\n<div class=\"is-layout-flow wp-block-column eplus-wrapper\" style=\"flex-basis:25%\"><\/div>\n<\/div>\n\n\n\n<h4 class=\" eplus-wrapper\">\u00a1La comida es nuestra pasi\u00f3n, la compra nuestra fuerza!<\/h4>\n\n\n<p class=\" eplus-wrapper eplus-styles-uid-09c4fc\">SchoolFood4Change (SF4C) se centra en enfoques innovadores para la compra y contrataci\u00f3n p\u00fablica de alimentos sanos y sostenibles para las comidas escolares. SF4C sigue un enfoque hol\u00edstico con el objetivo de permitir un cambio en el sistema alimentario de toda la comunidad para proporcionar alimentos escolares nutritivos, sostenibles y asequibles para todos los ni\u00f1os y ni\u00f1as. \u00bfC\u00f3mo? Los ambiciosos objetivos y las innovadoras directrices para la compra y contrataci\u00f3n de alimentos desarrolladas por el consorcio SF4C guiar\u00e1n a las ciudades y a los compradores en las licitaciones. Al mismo tiempo, fomentar\u00e1n la cooperaci\u00f3n entre las personas productoas, los distribuidores locales de alimentos, las escuelas y las empresas de restauraci\u00f3n para proporcionar comidas escolares sostenibles y saludables. \u00bfHemos abierto su apetito para el cambio? \u00a1P\u00f3ngase en contacto con el representante de SF4C en su pa\u00eds!<\/p>\n\n<p class=\" eplus-wrapper eplus-styles-uid-09c4fc\"><a href=\"https:\/\/schoolfood.giftgruen.com\/es\/partners\/\">Ver socios<\/a><\/p>\n\n\n<h4 class=\" eplus-wrapper\"><strong>Una oportunidad para cambiar el men\u00fa<\/strong>\u202f&nbsp;<\/h4>\n\n\n<p class=\" eplus-wrapper eplus-styles-uid-09c4fc\">La compra y contrataci\u00f3n p\u00fablica de alimentos y servicios de restauraci\u00f3n es un primer paso importante en la cadena de suministro de comidas sanas y sostenibles en las escuelas. Es responsabilidad de las administraciones municipales o regionales encontrar los proveedores adecuados. El presupuesto disponible ha sido tradicionalmente uno de los principales criterios para seleccionar a los proveedores adecuados. Sin embargo, es igualmente importante que las autoridades p\u00fablicas responsables tambi\u00e9n tengan en cuenta los costes sanitarios y los criterios socio-ambientales asociados a la alimentaci\u00f3n a la hora de elaborar las licitaciones y adjudicar los contratos. Por ello, el SF4C pretende desviar la atenci\u00f3n de los aspectos monetarios hacia criterios que reflejen los aspectos de sostenibilidad y salud de los alimentos por el bien de nuestros hijos e hijas y de nuestro planeta. Los <strong>nuevos criterios de contrataci\u00f3n de SF4C<\/strong> est\u00e1n pensados para orientar a los responsables (a menudo autoridades locales y regionales) sobre c\u00f3mo elegir a los proveedores adecuados para \u00a1UN NUEVO MEN\u00da!<\/p>\n\n\n<h4 class=\" eplus-wrapper\"><strong>\u00a1M\u00e1s detalles, por favor!<\/strong><\/h4>\n\n\n\n<figure class=\"wp-block-image size-full is-resized eplus-wrapper\"><img decoding=\"async\" loading=\"lazy\" src=\"https:\/\/schoolfood.giftgruen.com\/es\/wp-content\/uploads\/sites\/13\/2022\/10\/student_computer_format-1.jpg\" alt=\"\" class=\"wp-image-3165\" width=\"734\" height=\"484\" \/><\/figure>\n\n\n\n<p class=\" eplus-wrapper\">Los criterios de contrataci\u00f3n del SF4C se desglosan en dos niveles:\u202f<\/p>\n\n\n\n<ol class=\" eplus-wrapper\">\n<li class=\" eplus-wrapper\"><strong>Criterios b\u00e1sicos para alimentos sanos y sostenibles<\/strong>. Los criterios b\u00e1sicos garantizan un nivel m\u00ednimo de salud y sostenibilidad. Sirven de nueva base para la contrataci\u00f3n p\u00fablica sostenible de alimentos.<\/li>\n\n\n\n<li class=\" eplus-wrapper\"><strong>Criterios avanzados<\/strong>\u202f. Pueden ser utilizados por las autoridades p\u00fablicas que deseen ir m\u00e1s all\u00e1 de un nivel b\u00e1sico de salud y sostenibilidad. Pueden animar a los proveedores de servicios a ofrecer soluciones a\u00fan m\u00e1s sostenibles.<\/li>\n<\/ol>\n\n\n\n<p class=\" eplus-wrapper\">Los criterios propuestos abordan diferentes aspectos de la alimentaci\u00f3n sostenible y los sistemas alimentarios, por ejemplo, servir m\u00e1s alimentos ecol\u00f3gicos, de temporada, locales y reci\u00e9n cocinados. El objetivo es ofrecer comidas nutritivas y equilibradas y, al mismo tiempo, garantizar distancias de transporte m\u00e1s cortas, menos emisiones de gases de efecto invernadero y una econom\u00eda local m\u00e1s fuerte. Queremos que todos los ni\u00f1os y ni\u00f1as se beneficien de alimentos y comidas de alta calidad para que puedan disfrutar de toda su jornada escolar.\u202f\u202f\u202f\u202f<\/p>\n\n\n\n<p class=\" eplus-wrapper\">El objetivo de todas las escuelas, todas las ciudades y todos los pa\u00edses deber\u00eda ser ofrecer y servir a todos los ni\u00f1os y ni\u00f1as <strong>una alimentaci\u00f3n escolar sana, deliciosa y sostenible<\/strong> al mismo tiempo, tanto por el bien de los seres humanos como por el de nuestro planeta. SchoolFood4Change aprovecha el poder transformador del plato p\u00fablico y apoya a escuelas y ciudades en la aplicaci\u00f3n de objetivos y criterios revolucionarios de contrataci\u00f3n p\u00fablica sostenible para convertirse en verdaderos agentes del cambio hacia sistemas alimentarios m\u00e1s sostenibles.\u202f \u00a1Es hora de un nuevo men\u00fa!<\/p>\n\n\n<p class=\" eplus-wrapper eplus-styles-uid-09c4fc\"><\/p>\n\n\n<div class=\"wp-block-getwid-section alignfull alignfull\"><div class=\"wp-block-getwid-section__wrapper\"><div class=\"wp-block-getwid-section__inner-wrapper\"><div class=\"wp-block-getwid-section__background-holder\"><div class=\"wp-block-getwid-section__background\"><\/div><div class=\"wp-block-getwid-section__foreground\"><\/div><\/div><div class=\"wp-block-getwid-section__content\"><div class=\"wp-block-getwid-section__inner-content\">\n<div class=\"is-layout-flex wp-container-14 wp-block-columns eplus-wrapper\">\n<div class=\"is-layout-flow gg-blocks-teaser-cards wp-block-column eplus-wrapper\" style=\"flex-basis:100%\">\n<div class=\"is-layout-flex wp-container-12 wp-block-columns eplus-wrapper\"><div class=\"is-layout-flow wp-block-column has-ffffff-color has-317275-background-color has-text-color has-background eplus-wrapper eplus-styles-uid-b041c2\" style=\"padding-top:3em;padding-right:3.5em;padding-bottom:3em;padding-left:3.5em\"><h2 class=\"has-badedc-color has-text-color eplus-wrapper eplus-styles-uid-f31e0d\">Recursos<\/h2>\n\n<p class=\" eplus-wrapper eplus-styles-uid-b041c2\">Aqu\u00ed puede encontrar y descargar los resultados de nuestros proyectos, publicaciones y otros materiales \u00fatiles. Le invitamos a utilizarlos &#8211; \u00a1buen provecho!<\/p>\n\n\n<div class=\"is-content-justification-center is-layout-flex wp-container-8 wp-block-buttons eplus-wrapper\"><div class=\"wp-block-button eplus-wrapper eplus-styles-uid-b041c2\"><a class=\"wp-block-button__link wp-element-button\" href=\"https:\/\/schoolfood.giftgruen.com\/es\/results\/\">Ver recursos<\/a><\/div><\/div>\n<\/div>\n\n\n<div class=\"is-layout-flow wp-block-column has-badedc-background-color has-background eplus-wrapper\" style=\"padding-top:3em;padding-right:3.5em;padding-bottom:3em;padding-left:3.5em\"><h2 class=\" eplus-wrapper eplus-styles-uid-b041c2\">Contacto<\/h2>\n\n<p class=\" eplus-wrapper eplus-styles-uid-b041c2\">\u00a1Queremos escucharte! Si tienes alguna pregunta o comentario sobre SchoolFood4Change, env\u00edanos un correo electr\u00f3nico. Estaremos encantadas de ayudarte.<\/p>\n\n\n<div class=\"is-content-justification-center is-layout-flex wp-container-10 wp-block-buttons eplus-wrapper\"><div class=\"wp-block-button eplus-wrapper eplus-styles-uid-b041c2\"><a class=\"wp-block-button__link wp-element-button\" href=\"https:\/\/schoolfood.giftgruen.com\/es\/contact\/\">Cont\u00e1ctanos<\/a><\/div><\/div>\n<\/div>\n<\/div>\n<\/div>\n<\/div>\n<\/div><\/div><\/div><\/div><\/div>\n","protected":false},"excerpt":{"rendered":"<p>Compra p\u00fablica de alimentos (CPA): un proceso a menudo supervisado por autoridades p\u00fablicas como los gobiernos municipales, que describe un paquete de medidas para dar forma a la cadena de producci\u00f3n y suministro de alimentos desde la granja hasta la mesa. Como instrumento pol\u00edtico, la compra p\u00fablica de alimentos se considera un factor de cambio para la transformaci\u00f3n del sistema alimentario (fuente: The Lancet). \u00a1La comida es nuestra pasi\u00f3n, la compra nuestra fuerza! SchoolFood4Change (SF4C) se centra en enfoques innovadores para la compra y contrataci\u00f3n p\u00fablica de alimentos sanos y sostenibles para las comidas escolares. SF4C sigue un enfoque hol\u00edstico\u2026<\/p>\n","protected":false},"author":7,"featured_media":0,"parent":1303,"menu_order":0,"comment_status":"closed","ping_status":"closed","template":"","meta":{"inline_featured_image":false,"editor_plus_post_options":"{}","editor_plus_copied_stylings":"{}"},"blocksy_meta":{"styles_descriptor":{"styles":{"desktop":"","tablet":"","mobile":""},"google_fonts":[],"version":5}},"acf":[],"yoast_head":"<!-- This site is optimized with the Yoast SEO plugin v21.1 - https:\/\/yoast.com\/wordpress\/plugins\/seo\/ -->\n<title>Compra p\u00fablica alimentaria sostenible - SchoolFood4Change ES<\/title>\n<meta name=\"robots\" content=\"noindex, follow, max-snippet:-1, max-image-preview:large, max-video-preview:-1\" \/>\n<meta property=\"og:locale\" content=\"es_ES\" \/>\n<meta property=\"og:type\" content=\"article\" \/>\n<meta property=\"og:title\" content=\"Compra p\u00fablica alimentaria sostenible - SchoolFood4Change ES\" \/>\n<meta property=\"og:description\" content=\"Compra p\u00fablica de alimentos (CPA): un proceso a menudo supervisado por autoridades p\u00fablicas como los gobiernos municipales, que describe un paquete de medidas para dar forma a la cadena de producci\u00f3n y suministro de alimentos desde la granja hasta la mesa. Como instrumento pol\u00edtico, la compra p\u00fablica de alimentos se considera un factor de cambio para la transformaci\u00f3n del sistema alimentario (fuente: The Lancet). \u00a1La comida es nuestra pasi\u00f3n, la compra nuestra fuerza! SchoolFood4Change (SF4C) se centra en enfoques innovadores para la compra y contrataci\u00f3n p\u00fablica de alimentos sanos y sostenibles para las comidas escolares. SF4C sigue un enfoque hol\u00edstico\u2026\" \/>\n<meta property=\"og:url\" content=\"https:\/\/schoolfood.giftgruen.com\/es\/about\/sustainable-public-food-procurement\/\" \/>\n<meta property=\"og:site_name\" content=\"SchoolFood4Change ES\" \/>\n<meta property=\"article:modified_time\" content=\"2023-05-12T12:37:53+00:00\" \/>\n<meta property=\"og:image\" content=\"https:\/\/schoolfood.giftgruen.com\/es\/wp-content\/uploads\/sites\/13\/2022\/10\/student_computer_format-1.jpg\" \/>\n<meta name=\"twitter:card\" content=\"summary_large_image\" \/>\n<meta name=\"twitter:label1\" content=\"Tiempo de lectura\" \/>\n\t<meta name=\"twitter:data1\" content=\"4 minutos\" \/>\n<script type=\"application\/ld+json\" class=\"yoast-schema-graph\">{\"@context\":\"https:\/\/schema.org\",\"@graph\":[{\"@type\":\"WebPage\",\"@id\":\"https:\/\/schoolfood.giftgruen.com\/es\/about\/sustainable-public-food-procurement\/\",\"url\":\"https:\/\/schoolfood.giftgruen.com\/es\/about\/sustainable-public-food-procurement\/\",\"name\":\"Compra p\u00fablica alimentaria sostenible - SchoolFood4Change ES\",\"isPartOf\":{\"@id\":\"https:\/\/schoolfood.giftgruen.com\/es\/#website\"},\"datePublished\":\"2022-10-04T14:49:38+00:00\",\"dateModified\":\"2023-05-12T12:37:53+00:00\",\"breadcrumb\":{\"@id\":\"https:\/\/schoolfood.giftgruen.com\/es\/about\/sustainable-public-food-procurement\/#breadcrumb\"},\"inLanguage\":\"es\",\"potentialAction\":[{\"@type\":\"ReadAction\",\"target\":[\"https:\/\/schoolfood.giftgruen.com\/es\/about\/sustainable-public-food-procurement\/\"]}]},{\"@type\":\"BreadcrumbList\",\"@id\":\"https:\/\/schoolfood.giftgruen.com\/es\/about\/sustainable-public-food-procurement\/#breadcrumb\",\"itemListElement\":[{\"@type\":\"ListItem\",\"position\":1,\"name\":\"Home\",\"item\":\"https:\/\/schoolfood.giftgruen.com\/es\/\"},{\"@type\":\"ListItem\",\"position\":2,\"name\":\"SOBRE SF4C\",\"item\":\"https:\/\/schoolfood.giftgruen.com\/es\/about\/\"},{\"@type\":\"ListItem\",\"position\":3,\"name\":\"Compra p\u00fablica alimentaria sostenible\"}]},{\"@type\":\"WebSite\",\"@id\":\"https:\/\/schoolfood.giftgruen.com\/es\/#website\",\"url\":\"https:\/\/schoolfood.giftgruen.com\/es\/\",\"name\":\"SchoolFood4Change ES\",\"description\":\"\",\"publisher\":{\"@id\":\"https:\/\/schoolfood.giftgruen.com\/es\/#organization\"},\"potentialAction\":[{\"@type\":\"SearchAction\",\"target\":{\"@type\":\"EntryPoint\",\"urlTemplate\":\"https:\/\/schoolfood.giftgruen.com\/es\/?s={search_term_string}\"},\"query-input\":\"required name=search_term_string\"}],\"inLanguage\":\"es\"},{\"@type\":\"Organization\",\"@id\":\"https:\/\/schoolfood.giftgruen.com\/es\/#organization\",\"name\":\"SchoolFood4Change ES\",\"url\":\"https:\/\/schoolfood.giftgruen.com\/es\/\",\"logo\":{\"@type\":\"ImageObject\",\"inLanguage\":\"es\",\"@id\":\"https:\/\/schoolfood.giftgruen.com\/es\/#\/schema\/logo\/image\/\",\"url\":\"https:\/\/schoolfood.giftgruen.com\/es\/wp-content\/uploads\/sites\/13\/2022\/06\/schholfood.svg\",\"contentUrl\":\"https:\/\/schoolfood.giftgruen.com\/es\/wp-content\/uploads\/sites\/13\/2022\/06\/schholfood.svg\",\"width\":273,\"height\":90,\"caption\":\"SchoolFood4Change ES\"},\"image\":{\"@id\":\"https:\/\/schoolfood.giftgruen.com\/es\/#\/schema\/logo\/image\/\"}}]}<\/script>\n<!-- \/ Yoast SEO plugin. -->","yoast_head_json":{"title":"Compra p\u00fablica alimentaria sostenible - SchoolFood4Change ES","robots":{"index":"noindex","follow":"follow","max-snippet":"max-snippet:-1","max-image-preview":"max-image-preview:large","max-video-preview":"max-video-preview:-1"},"og_locale":"es_ES","og_type":"article","og_title":"Compra p\u00fablica alimentaria sostenible - SchoolFood4Change ES","og_description":"Compra p\u00fablica de alimentos (CPA): un proceso a menudo supervisado por autoridades p\u00fablicas como los gobiernos municipales, que describe un paquete de medidas para dar forma a la cadena de producci\u00f3n y suministro de alimentos desde la granja hasta la mesa. Como instrumento pol\u00edtico, la compra p\u00fablica de alimentos se considera un factor de cambio para la transformaci\u00f3n del sistema alimentario (fuente: The Lancet). \u00a1La comida es nuestra pasi\u00f3n, la compra nuestra fuerza! SchoolFood4Change (SF4C) se centra en enfoques innovadores para la compra y contrataci\u00f3n p\u00fablica de alimentos sanos y sostenibles para las comidas escolares. SF4C sigue un enfoque hol\u00edstico\u2026","og_url":"https:\/\/schoolfood.giftgruen.com\/es\/about\/sustainable-public-food-procurement\/","og_site_name":"SchoolFood4Change ES","article_modified_time":"2023-05-12T12:37:53+00:00","og_image":[{"url":"https:\/\/schoolfood.giftgruen.com\/es\/wp-content\/uploads\/sites\/13\/2022\/10\/student_computer_format-1.jpg"}],"twitter_card":"summary_large_image","twitter_misc":{"Tiempo de lectura":"4 minutos"},"schema":{"@context":"https:\/\/schema.org","@graph":[{"@type":"WebPage","@id":"https:\/\/schoolfood.giftgruen.com\/es\/about\/sustainable-public-food-procurement\/","url":"https:\/\/schoolfood.giftgruen.com\/es\/about\/sustainable-public-food-procurement\/","name":"Compra p\u00fablica alimentaria sostenible - SchoolFood4Change ES","isPartOf":{"@id":"https:\/\/schoolfood.giftgruen.com\/es\/#website"},"datePublished":"2022-10-04T14:49:38+00:00","dateModified":"2023-05-12T12:37:53+00:00","breadcrumb":{"@id":"https:\/\/schoolfood.giftgruen.com\/es\/about\/sustainable-public-food-procurement\/#breadcrumb"},"inLanguage":"es","potentialAction":[{"@type":"ReadAction","target":["https:\/\/schoolfood.giftgruen.com\/es\/about\/sustainable-public-food-procurement\/"]}]},{"@type":"BreadcrumbList","@id":"https:\/\/schoolfood.giftgruen.com\/es\/about\/sustainable-public-food-procurement\/#breadcrumb","itemListElement":[{"@type":"ListItem","position":1,"name":"Home","item":"https:\/\/schoolfood.giftgruen.com\/es\/"},{"@type":"ListItem","position":2,"name":"SOBRE SF4C","item":"https:\/\/schoolfood.giftgruen.com\/es\/about\/"},{"@type":"ListItem","position":3,"name":"Compra p\u00fablica alimentaria sostenible"}]},{"@type":"WebSite","@id":"https:\/\/schoolfood.giftgruen.com\/es\/#website","url":"https:\/\/schoolfood.giftgruen.com\/es\/","name":"SchoolFood4Change ES","description":"","publisher":{"@id":"https:\/\/schoolfood.giftgruen.com\/es\/#organization"},"potentialAction":[{"@type":"SearchAction","target":{"@type":"EntryPoint","urlTemplate":"https:\/\/schoolfood.giftgruen.com\/es\/?s={search_term_string}"},"query-input":"required name=search_term_string"}],"inLanguage":"es"},{"@type":"Organization","@id":"https:\/\/schoolfood.giftgruen.com\/es\/#organization","name":"SchoolFood4Change ES","url":"https:\/\/schoolfood.giftgruen.com\/es\/","logo":{"@type":"ImageObject","inLanguage":"es","@id":"https:\/\/schoolfood.giftgruen.com\/es\/#\/schema\/logo\/image\/","url":"https:\/\/schoolfood.giftgruen.com\/es\/wp-content\/uploads\/sites\/13\/2022\/06\/schholfood.svg","contentUrl":"https:\/\/schoolfood.giftgruen.com\/es\/wp-content\/uploads\/sites\/13\/2022\/06\/schholfood.svg","width":273,"height":90,"caption":"SchoolFood4Change ES"},"image":{"@id":"https:\/\/schoolfood.giftgruen.com\/es\/#\/schema\/logo\/image\/"}}]}},"_links":{"self":[{"href":"https:\/\/schoolfood.giftgruen.com\/es\/wp-json\/wp\/v2\/pages\/3138"}],"collection":[{"href":"https:\/\/schoolfood.giftgruen.com\/es\/wp-json\/wp\/v2\/pages"}],"about":[{"href":"https:\/\/schoolfood.giftgruen.com\/es\/wp-json\/wp\/v2\/types\/page"}],"author":[{"embeddable":true,"href":"https:\/\/schoolfood.giftgruen.com\/es\/wp-json\/wp\/v2\/users\/7"}],"replies":[{"embeddable":true,"href":"https:\/\/schoolfood.giftgruen.com\/es\/wp-json\/wp\/v2\/comments?post=3138"}],"version-history":[{"count":40,"href":"https:\/\/schoolfood.giftgruen.com\/es\/wp-json\/wp\/v2\/pages\/3138\/revisions"}],"predecessor-version":[{"id":3896,"href":"https:\/\/schoolfood.giftgruen.com\/es\/wp-json\/wp\/v2\/pages\/3138\/revisions\/3896"}],"up":[{"embeddable":true,"href":"https:\/\/schoolfood.giftgruen.com\/es\/wp-json\/wp\/v2\/pages\/1303"}],"wp:attachment":[{"href":"https:\/\/schoolfood.giftgruen.com\/es\/wp-json\/wp\/v2\/media?parent=3138"}],"curies":[{"name":"wp","href":"https:\/\/api.w.org\/{rel}","templated":true}]}}