{"id":2883,"date":"2022-07-22T10:09:11","date_gmt":"2022-07-22T08:09:11","guid":{"rendered":"https:\/\/schoolfood.giftgruen.com\/es\/?page_id=2883"},"modified":"2023-05-24T08:51:37","modified_gmt":"2023-05-24T06:51:37","slug":"newsletter-privacy-policy","status":"publish","type":"page","link":"https:\/\/schoolfood.giftgruen.com\/es\/newsletter-privacy-policy\/","title":{"rendered":"Pol\u00edtica de privacidad"},"content":{"rendered":"\n<div class=\"wp-block-getwid-section alignfull alignfull\"><div class=\"wp-block-getwid-section__wrapper\"><div class=\"wp-block-getwid-section__inner-wrapper\"><div class=\"wp-block-getwid-section__background-holder\"><div class=\"wp-block-getwid-section__background\"><\/div><div class=\"wp-block-getwid-section__foreground\"><\/div><\/div><div class=\"wp-block-getwid-section__content\"><div class=\"wp-block-getwid-section__inner-content\">\n<h2 class=\" eplus-wrapper\">pol\u00edtica de privacidad<\/h2>\n\n\n\n<div class=\"is-layout-flex wp-container-3 wp-block-columns eplus-wrapper\">\n<div class=\"is-layout-flow wp-block-column eplus-wrapper\" style=\"flex-basis:80%\">\n<p class=\" eplus-wrapper\">Nuestro bolet\u00edn informa sobre los \u00faltimos avances en el proyecto SchoolFood4Change, as\u00ed como sobre los resultados y publicaciones del proyecto e informa sobre temas relevantes para los actores del sistema alimentario escolar.<\/p>\n\n\n\n<p class=\" eplus-wrapper\">Tras el env\u00edo de los datos, te enviaremos un e-mail en el que deber\u00e1s confirmar el registro.<\/p>\n\n\n\n<p class=\" eplus-wrapper\">Para el bolet\u00edn utilizamos el proveedor de servicios Mailchimp (The Rocket Science Group LLC, 675 Ponce de Leon Ave NE, Suite 5000, Atlanta, GA 30308, Estados Unidos de Am\u00e9rica). Hemos concluido los correspondientes contratos de protecci\u00f3n de datos con este proveedor de servicios. En la medida en que se lleve a cabo una transferencia internacional de datos, las cl\u00e1usulas contractuales tipo (art. 44 del RGPD) proporcionan un nivel adecuado de protecci\u00f3n de datos.<\/p>\n\n\n\n<p class=\" eplus-wrapper\">Puede revocar su consentimiento en cualquier momento sin dar razones. Puede enviar una revocaci\u00f3n informal a trav\u00e9s del enlace para darse de baja en cada bolet\u00edn o enviando un correo electr\u00f3nico a info(at)wwf.de o por escrito a WWF Alemania Reinhardstr, 18, 10117 Berl\u00edn. En este caso, WWF ya no procesar\u00e1 los datos personales que le conciernen con el fin de enviar el bolet\u00edn en el futuro.<\/p>\n<\/div>\n\n\n\n<div class=\"is-layout-flow wp-block-column eplus-wrapper\" style=\"flex-basis:33.33%\"><\/div>\n<\/div>\n<\/div><\/div><\/div><\/div><\/div>\n","protected":false},"excerpt":{"rendered":"","protected":false},"author":7,"featured_media":0,"parent":0,"menu_order":0,"comment_status":"closed","ping_status":"closed","template":"","meta":{"inline_featured_image":false,"editor_plus_post_options":"{}","editor_plus_copied_stylings":"{}"},"blocksy_meta":{"styles_descriptor":{"styles":{"desktop":"","tablet":"","mobile":""},"google_fonts":[],"version":5}},"acf":[],"yoast_head":"<!-- This site is optimized with the Yoast SEO plugin v21.1 - https:\/\/yoast.com\/wordpress\/plugins\/seo\/ -->\n<title>Pol\u00edtica de privacidad - SchoolFood4Change ES<\/title>\n<meta name=\"robots\" content=\"noindex, follow, max-snippet:-1, max-image-preview:large, max-video-preview:-1\" \/>\n<meta property=\"og:locale\" content=\"es_ES\" \/>\n<meta property=\"og:type\" content=\"article\" \/>\n<meta property=\"og:title\" content=\"Pol\u00edtica de privacidad - SchoolFood4Change ES\" \/>\n<meta property=\"og:url\" content=\"https:\/\/schoolfood.giftgruen.com\/es\/newsletter-privacy-policy\/\" \/>\n<meta property=\"og:site_name\" content=\"SchoolFood4Change ES\" \/>\n<meta property=\"article:modified_time\" content=\"2023-05-24T06:51:37+00:00\" \/>\n<meta name=\"twitter:card\" content=\"summary_large_image\" \/>\n<meta name=\"twitter:label1\" content=\"Tiempo de lectura\" \/>\n\t<meta name=\"twitter:data1\" content=\"1 minuto\" \/>\n<script type=\"application\/ld+json\" class=\"yoast-schema-graph\">{\"@context\":\"https:\/\/schema.org\",\"@graph\":[{\"@type\":\"WebPage\",\"@id\":\"https:\/\/schoolfood.giftgruen.com\/es\/newsletter-privacy-policy\/\",\"url\":\"https:\/\/schoolfood.giftgruen.com\/es\/newsletter-privacy-policy\/\",\"name\":\"Pol\u00edtica de privacidad - SchoolFood4Change ES\",\"isPartOf\":{\"@id\":\"https:\/\/schoolfood.giftgruen.com\/es\/#website\"},\"datePublished\":\"2022-07-22T08:09:11+00:00\",\"dateModified\":\"2023-05-24T06:51:37+00:00\",\"breadcrumb\":{\"@id\":\"https:\/\/schoolfood.giftgruen.com\/es\/newsletter-privacy-policy\/#breadcrumb\"},\"inLanguage\":\"es\",\"potentialAction\":[{\"@type\":\"ReadAction\",\"target\":[\"https:\/\/schoolfood.giftgruen.com\/es\/newsletter-privacy-policy\/\"]}]},{\"@type\":\"BreadcrumbList\",\"@id\":\"https:\/\/schoolfood.giftgruen.com\/es\/newsletter-privacy-policy\/#breadcrumb\",\"itemListElement\":[{\"@type\":\"ListItem\",\"position\":1,\"name\":\"Home\",\"item\":\"https:\/\/schoolfood.giftgruen.com\/es\/\"},{\"@type\":\"ListItem\",\"position\":2,\"name\":\"Pol\u00edtica de privacidad\"}]},{\"@type\":\"WebSite\",\"@id\":\"https:\/\/schoolfood.giftgruen.com\/es\/#website\",\"url\":\"https:\/\/schoolfood.giftgruen.com\/es\/\",\"name\":\"SchoolFood4Change ES\",\"description\":\"\",\"publisher\":{\"@id\":\"https:\/\/schoolfood.giftgruen.com\/es\/#organization\"},\"potentialAction\":[{\"@type\":\"SearchAction\",\"target\":{\"@type\":\"EntryPoint\",\"urlTemplate\":\"https:\/\/schoolfood.giftgruen.com\/es\/?s={search_term_string}\"},\"query-input\":\"required name=search_term_string\"}],\"inLanguage\":\"es\"},{\"@type\":\"Organization\",\"@id\":\"https:\/\/schoolfood.giftgruen.com\/es\/#organization\",\"name\":\"SchoolFood4Change ES\",\"url\":\"https:\/\/schoolfood.giftgruen.com\/es\/\",\"logo\":{\"@type\":\"ImageObject\",\"inLanguage\":\"es\",\"@id\":\"https:\/\/schoolfood.giftgruen.com\/es\/#\/schema\/logo\/image\/\",\"url\":\"https:\/\/schoolfood.giftgruen.com\/es\/wp-content\/uploads\/sites\/13\/2022\/06\/schholfood.svg\",\"contentUrl\":\"https:\/\/schoolfood.giftgruen.com\/es\/wp-content\/uploads\/sites\/13\/2022\/06\/schholfood.svg\",\"width\":273,\"height\":90,\"caption\":\"SchoolFood4Change ES\"},\"image\":{\"@id\":\"https:\/\/schoolfood.giftgruen.com\/es\/#\/schema\/logo\/image\/\"}}]}<\/script>\n<!-- \/ Yoast SEO plugin. -->","yoast_head_json":{"title":"Pol\u00edtica de privacidad - SchoolFood4Change ES","robots":{"index":"noindex","follow":"follow","max-snippet":"max-snippet:-1","max-image-preview":"max-image-preview:large","max-video-preview":"max-video-preview:-1"},"og_locale":"es_ES","og_type":"article","og_title":"Pol\u00edtica de privacidad - SchoolFood4Change ES","og_url":"https:\/\/schoolfood.giftgruen.com\/es\/newsletter-privacy-policy\/","og_site_name":"SchoolFood4Change ES","article_modified_time":"2023-05-24T06:51:37+00:00","twitter_card":"summary_large_image","twitter_misc":{"Tiempo de lectura":"1 minuto"},"schema":{"@context":"https:\/\/schema.org","@graph":[{"@type":"WebPage","@id":"https:\/\/schoolfood.giftgruen.com\/es\/newsletter-privacy-policy\/","url":"https:\/\/schoolfood.giftgruen.com\/es\/newsletter-privacy-policy\/","name":"Pol\u00edtica de privacidad - SchoolFood4Change ES","isPartOf":{"@id":"https:\/\/schoolfood.giftgruen.com\/es\/#website"},"datePublished":"2022-07-22T08:09:11+00:00","dateModified":"2023-05-24T06:51:37+00:00","breadcrumb":{"@id":"https:\/\/schoolfood.giftgruen.com\/es\/newsletter-privacy-policy\/#breadcrumb"},"inLanguage":"es","potentialAction":[{"@type":"ReadAction","target":["https:\/\/schoolfood.giftgruen.com\/es\/newsletter-privacy-policy\/"]}]},{"@type":"BreadcrumbList","@id":"https:\/\/schoolfood.giftgruen.com\/es\/newsletter-privacy-policy\/#breadcrumb","itemListElement":[{"@type":"ListItem","position":1,"name":"Home","item":"https:\/\/schoolfood.giftgruen.com\/es\/"},{"@type":"ListItem","position":2,"name":"Pol\u00edtica de privacidad"}]},{"@type":"WebSite","@id":"https:\/\/schoolfood.giftgruen.com\/es\/#website","url":"https:\/\/schoolfood.giftgruen.com\/es\/","name":"SchoolFood4Change ES","description":"","publisher":{"@id":"https:\/\/schoolfood.giftgruen.com\/es\/#organization"},"potentialAction":[{"@type":"SearchAction","target":{"@type":"EntryPoint","urlTemplate":"https:\/\/schoolfood.giftgruen.com\/es\/?s={search_term_string}"},"query-input":"required name=search_term_string"}],"inLanguage":"es"},{"@type":"Organization","@id":"https:\/\/schoolfood.giftgruen.com\/es\/#organization","name":"SchoolFood4Change ES","url":"https:\/\/schoolfood.giftgruen.com\/es\/","logo":{"@type":"ImageObject","inLanguage":"es","@id":"https:\/\/schoolfood.giftgruen.com\/es\/#\/schema\/logo\/image\/","url":"https:\/\/schoolfood.giftgruen.com\/es\/wp-content\/uploads\/sites\/13\/2022\/06\/schholfood.svg","contentUrl":"https:\/\/schoolfood.giftgruen.com\/es\/wp-content\/uploads\/sites\/13\/2022\/06\/schholfood.svg","width":273,"height":90,"caption":"SchoolFood4Change ES"},"image":{"@id":"https:\/\/schoolfood.giftgruen.com\/es\/#\/schema\/logo\/image\/"}}]}},"_links":{"self":[{"href":"https:\/\/schoolfood.giftgruen.com\/es\/wp-json\/wp\/v2\/pages\/2883"}],"collection":[{"href":"https:\/\/schoolfood.giftgruen.com\/es\/wp-json\/wp\/v2\/pages"}],"about":[{"href":"https:\/\/schoolfood.giftgruen.com\/es\/wp-json\/wp\/v2\/types\/page"}],"author":[{"embeddable":true,"href":"https:\/\/schoolfood.giftgruen.com\/es\/wp-json\/wp\/v2\/users\/7"}],"replies":[{"embeddable":true,"href":"https:\/\/schoolfood.giftgruen.com\/es\/wp-json\/wp\/v2\/comments?post=2883"}],"version-history":[{"count":5,"href":"https:\/\/schoolfood.giftgruen.com\/es\/wp-json\/wp\/v2\/pages\/2883\/revisions"}],"predecessor-version":[{"id":3872,"href":"https:\/\/schoolfood.giftgruen.com\/es\/wp-json\/wp\/v2\/pages\/2883\/revisions\/3872"}],"wp:attachment":[{"href":"https:\/\/schoolfood.giftgruen.com\/es\/wp-json\/wp\/v2\/media?parent=2883"}],"curies":[{"name":"wp","href":"https:\/\/api.w.org\/{rel}","templated":true}]}}