{"id":1326,"date":"2022-06-14T15:58:38","date_gmt":"2022-06-14T13:58:38","guid":{"rendered":"https:\/\/schoolfood.giftgruen.com\/es\/?page_id=1326"},"modified":"2023-05-04T16:04:04","modified_gmt":"2023-05-04T14:04:04","slug":"events","status":"publish","type":"page","link":"https:\/\/schoolfood.giftgruen.com\/es\/events\/","title":{"rendered":"Eventos"},"content":{"rendered":"\n<div class=\"wp-block-getwid-section alignfull gg-blocks-results alignfull\" style=\"margin-bottom:30px\"><div class=\"wp-block-getwid-section__wrapper getwid-padding-top-normal getwid-padding-bottom-none\"><div class=\"wp-block-getwid-section__inner-wrapper\"><div class=\"wp-block-getwid-section__background-holder\"><div class=\"wp-block-getwid-section__background\"><\/div><div class=\"wp-block-getwid-section__foreground\"><\/div><\/div><div class=\"wp-block-getwid-section__content\"><div class=\"wp-block-getwid-section__inner-content\">\n<div class=\"is-layout-flex wp-container-3 wp-block-columns eplus-wrapper\">\n<div class=\"is-layout-flow wp-block-column eplus-wrapper\" style=\"flex-basis:50%\"><h1 class=\" eplus-wrapper eplus-styles-uid-b041c2\">Eventos<\/h1>\n\n\n<p class=\" eplus-wrapper\">Adem\u00e1s de nuestros propios eventos del proyecto SchoolFood4Change, recopilamos eventos interesantes del sector de la alimentaci\u00f3n escolar. Nuestro objetivo es difundir el mensaje, inspirar y celebrar la transformaci\u00f3n con usted. Le mantenemos informado\/a sobre sesiones informativas, seminarios web y oportunidades de establecer contactos, as\u00ed como sobre todos los acontecimientos relevantes relacionados con la alimentaci\u00f3n escolar y otros \u00e1mbitos.<\/p>\n\n\n\n<p class=\" eplus-wrapper\"><strong>\u00a1Inscr\u00edbase a nuestros eventos y apoye el cambio! <\/strong><\/p>\n<\/div>\n\n\n\n<div class=\"is-layout-flow wp-block-column eplus-wrapper\" style=\"flex-basis:40%\">\n<figure class=\"wp-block-image size-full is-resized eplus-wrapper\"><img decoding=\"async\" loading=\"lazy\" src=\"https:\/\/schoolfood.giftgruen.com\/es\/wp-content\/uploads\/sites\/13\/2022\/10\/child_paint_format_small.jpg\" alt=\"\" class=\"wp-image-3259\" width=\"330\" height=\"372\" \/><\/figure>\n<\/div>\n<\/div>\n<\/div><\/div><\/div><\/div><\/div>\n\n\n\n<div class=\"wp-block-getwid-section gg-blocks-press-listings alignfull alignfull getwid-margin-top-normal\" style=\"margin-bottom:0px\"><div class=\"wp-block-getwid-section__wrapper getwid-padding-top-normal getwid-padding-bottom-large getwid-padding-left-normal getwid-padding-right-normal\"><div class=\"wp-block-getwid-section__inner-wrapper\"><div class=\"wp-block-getwid-section__background-holder\"><div class=\"wp-block-getwid-section__background has-background has-eef-7-f-6-background-color\"><\/div><div class=\"wp-block-getwid-section__foreground\"><\/div><\/div><div class=\"wp-block-getwid-section__content\"><div class=\"wp-block-getwid-section__inner-content\">\n<h2 class=\"has-text-align-left eplus-wrapper\">PR\u00d3XIMOS EVENTOS<\/h2>\n\n\n\n<div style=\"height:31px\" aria-hidden=\"true\" class=\"wp-block-spacer eplus-wrapper\"><\/div>\n\n\n<div class=\"em em-view-container\" id=\"em-view-255970539\" data-view=\"list\">\r\n\t<div class=\"em pixelbones em-list em-events-list\" id=\"em-events-list-255970539\" data-view-id=\"255970539\">\r\n\tNo Events\t<\/div>\r\n<\/div>\n<\/div><\/div><\/div><\/div><\/div>\n\n\n\n<div class=\"wp-block-getwid-section alignwide gg-teaser-events alignwide getwid-margin-top-large getwid-margin-bottom-large\"><div class=\"wp-block-getwid-section__wrapper getwid-padding-top-small getwid-padding-bottom-normal\"><div class=\"wp-block-getwid-section__inner-wrapper\"><div class=\"wp-block-getwid-section__background-holder\"><div class=\"wp-block-getwid-section__background\"><\/div><div class=\"wp-block-getwid-section__foreground\"><\/div><\/div><div class=\"wp-block-getwid-section__content\"><div class=\"wp-block-getwid-section__inner-content\">\n<div class=\"is-layout-flex wp-container-7 wp-block-columns are-vertically-aligned-center has-badedc-background-color has-background eplus-wrapper\" style=\"padding-top:0px;padding-right:0px;padding-bottom:0px;padding-left:0px\"><div class=\"is-layout-flow gg-shape--events  wp-block-column is-vertically-aligned-center has-background eplus-wrapper eplus-styles-uid-9a0987\" style=\"background-color:#b72626\"><\/div>\n\n\n<div class=\"is-layout-flow gg-teaser-shape wp-block-column is-vertically-aligned-center eplus-wrapper\" style=\"padding-top:3em;padding-right:3em;padding-bottom:3em;padding-left:2em\">\n<h2 class=\" eplus-wrapper\">Cont\u00e1ctanos<\/h2>\n\n\n<p class=\" eplus-wrapper eplus-styles-uid-7e750c\">Para cualquier pregunta sobre el proyecto SchoolFood4Change, escribanos un correo electr\u00f3nico.<\/p>\n\n\n<div class=\"is-layout-flex wp-block-buttons eplus-wrapper\">\n<div class=\"wp-block-button eplus-wrapper\"><a class=\"wp-block-button__link wp-element-button\" href=\"https:\/\/schoolfood.giftgruen.com\/es\/contact\/\">Cont\u00e1ctanos<\/a><\/div>\n<\/div>\n<\/div>\n<\/div>\n<\/div><\/div><\/div><\/div><\/div>\n","protected":false},"excerpt":{"rendered":"","protected":false},"author":7,"featured_media":0,"parent":0,"menu_order":0,"comment_status":"closed","ping_status":"closed","template":"","meta":{"inline_featured_image":false,"editor_plus_post_options":"{}","editor_plus_copied_stylings":"{}"},"blocksy_meta":{"styles_descriptor":{"styles":{"desktop":"","tablet":"","mobile":""},"google_fonts":[],"version":5},"page_title_panel":"","has_hero_section":"default","148caf8af8338be5b06b367f7193ccaf":"","hero_section":"type-1","hero_elements":[{"id":"custom_title","enabled":true,"heading_tag":"h1","title":"Startseite"},{"id":"custom_description","enabled":true,"description_visibility":{"desktop":true,"tablet":true,"mobile":false}},{"id":"custom_meta","enabled":false,"meta_elements":[{"id":"author","enabled":true,"label":"Von","has_author_avatar":"yes","avatar_size":25},{"id":"post_date","enabled":true,"label":"Am","date_format_source":"default","date_format":"M j, Y"},{"id":"updated_date","enabled":false,"label":"Am","date_format_source":"default","date_format":"M j, Y"},{"id":"categories","enabled":false,"label":"In","style":"simple"},{"id":"comments","enabled":true}],"page_meta_elements":{"joined":true,"articles_count":true,"comments":true}},{"id":"breadcrumbs","enabled":false}],"26574e761971ad9ba1ccc249f0b1c340":"","hero_alignment1":"CT_CSS_SKIP_RULE","hero_margin":40,"hero_alignment2":"center","hero_vertical_alignment":"center","dc4a51f4cf562d75dcc5383028a9bd6e":"","hero_structure":"narrow","a58cd1977a48097ecc9b0a11a341f0bb":"","page_title_bg_type":"featured_image","custom_hero_background":{"attachment_id":null},"page_title_image_size":"full","parallax":{"desktop":false,"tablet":false,"mobile":false},"f18ce943f826733b2f2a1002b9e15cd1":"","hero_height":"250px","pageTitleFont":{"family":"Default","variation":"Default","size":"30px","line-height":"CT_CSS_SKIP_RULE","letter-spacing":"CT_CSS_SKIP_RULE","text-transform":"CT_CSS_SKIP_RULE","text-decoration":"CT_CSS_SKIP_RULE"},"pageTitleFontColor":{"default":{"color":"CT_CSS_SKIP_RULEDEFAULT"}},"pageMetaFont":{"family":"Default","variation":"n6","size":"12px","line-height":"1.3","letter-spacing":"CT_CSS_SKIP_RULE","text-transform":"uppercase","text-decoration":"CT_CSS_SKIP_RULE"},"pageMetaFontColor":{"default":{"color":"CT_CSS_SKIP_RULEDEFAULT"},"hover":{"color":"CT_CSS_SKIP_RULEDEFAULT"}},"page_meta_button_type_font_colors":{"default":{"color":"CT_CSS_SKIP_RULEDEFAULT"},"hover":{"color":"CT_CSS_SKIP_RULEDEFAULT"}},"page_meta_button_type_background_colors":{"default":{"color":"CT_CSS_SKIP_RULEDEFAULT"},"hover":{"color":"CT_CSS_SKIP_RULEDEFAULT"}},"pageExcerptFont":{"family":"Default","variation":"Default","size":"CT_CSS_SKIP_RULE","line-height":"CT_CSS_SKIP_RULE","letter-spacing":"CT_CSS_SKIP_RULE","text-transform":"CT_CSS_SKIP_RULE","text-decoration":"CT_CSS_SKIP_RULE"},"pageExcerptColor":{"default":{"color":"CT_CSS_SKIP_RULEDEFAULT"}},"breadcrumbsFont":{"family":"Default","variation":"Default","size":"CT_CSS_SKIP_RULE","line-height":"CT_CSS_SKIP_RULE","letter-spacing":"CT_CSS_SKIP_RULE","text-transform":"CT_CSS_SKIP_RULE","text-decoration":"CT_CSS_SKIP_RULE"},"breadcrumbsFontColor":{"default":{"color":"CT_CSS_SKIP_RULEDEFAULT"},"initial":{"color":"CT_CSS_SKIP_RULEDEFAULT"},"hover":{"color":"CT_CSS_SKIP_RULEDEFAULT"}},"acf_field_hero_elements":"","typography":{"family":"Default","variation":"Default","size":"CT_CSS_SKIP_RULE","line-height":"CT_CSS_SKIP_RULE","letter-spacing":"CT_CSS_SKIP_RULE","text-transform":"CT_CSS_SKIP_RULE","text-decoration":"CT_CSS_SKIP_RULE"},"color":{"default":{"color":"CT_CSS_SKIP_RULEDEFAULT"},"hover":{"color":"CT_CSS_SKIP_RULEDEFAULT"}},"metabox_field_hero_elements":"","toolset_field_hero_elements":"","jetengine_field_hero_elements":"","custom_field_hero_elements":"","pageTitleOverlay":{"background_type":"color","background_pattern":"type-1","background_image":{"attachment_id":null,"x":0,"y":0},"gradient":"linear-gradient(135deg,rgba(6,147,227,1) 0%,rgb(155,81,224) 100%)","background_repeat":"repeat","background_size":"auto","background_attachment":"scroll","patternColor":{"default":{"color":"#e5e7ea"}},"overlayColor":{"default":{"color":"CT_CSS_SKIP_RULE"}},"backgroundColor":{"default":{"color":"CT_CSS_SKIP_RULE"}}},"pageTitleBackground":{"background_type":"color","background_pattern":"type-1","background_image":{"attachment_id":null,"x":0,"y":0},"gradient":"linear-gradient(135deg,rgba(6,147,227,1) 0%,rgb(155,81,224) 100%)","background_repeat":"repeat","background_size":"auto","background_attachment":"scroll","patternColor":{"default":{"color":"#e5e7ea"}},"overlayColor":{"default":{"color":"CT_CSS_SKIP_RULE"}},"backgroundColor":{"default":{"color":"var(--paletteColor6)"}}},"pageTitlePadding":{"top":"50px","bottom":"50px","left":"auto","right":"auto","linked":true},"773e5d9ab34c46b0bc5fba5b0e5a714d":"","page_structure_type":"default","9678114afb60a6b015cd83cab2f05b83":"","content_style_source":"inherit","content_style":"wide","vertical_spacing_source":"custom","content_area_spacing":"top","background":{"background_type":"color","background_pattern":"type-1","background_image":{"attachment_id":null,"x":0,"y":0},"gradient":"linear-gradient(135deg,rgba(6,147,227,1) 0%,rgb(155,81,224) 100%)","background_repeat":"repeat","background_size":"auto","background_attachment":"scroll","patternColor":{"default":{"color":"#e5e7ea"}},"overlayColor":{"default":{"color":"CT_CSS_SKIP_RULE"}},"backgroundColor":{"default":{"color":"CT_CSS_SKIP_RULE"}}},"content_background":{"background_type":"color","background_pattern":"type-1","background_image":{"attachment_id":null,"x":0,"y":0},"gradient":"linear-gradient(135deg,rgba(6,147,227,1) 0%,rgb(155,81,224) 100%)","background_repeat":"repeat","background_size":"auto","background_attachment":"scroll","patternColor":{"default":{"color":"#e5e7ea"}},"overlayColor":{"default":{"color":"CT_CSS_SKIP_RULE"}},"backgroundColor":{"default":{"color":"var(--paletteColor8)"}}},"content_boxed_shadow":{"inherit":false,"blur":18,"spread":-6,"v_offset":12,"h_offset":0,"inset":false,"enable":true,"color":{"color":"rgba(34, 56, 101, 0.04)"}},"content_boxed_border":{"width":1,"style":"none","color":{"color":"rgba(44,62,80,0.2)"}},"content_boxed_radius":{"top":"3px","bottom":"3px","left":"3px","right":"3px","linked":true},"boxed_content_spacing":{"desktop":{"top":"40px","bottom":"40px","left":"40px","right":"40px","linked":true},"tablet":{"top":"35px","bottom":"35px","left":"35px","right":"35px","linked":true},"mobile":{"top":"20px","bottom":"20px","left":"20px","right":"20px","linked":true}},"b4e639f6b6822f3dc311c50327ffd3f3":"","disable_featured_image":"no","disable_share_box":"no","disable_header":"no","disable_footer":"no","349d8de9f685d659bbe00f6f191dc84c":"","header_footer_scripts_panel":"","header_scripts":"","66eddccda691a10f65d432fe462d51e7":"","header_after_body_scripts":"","ad2966a5ff1a50a0b536382b1bfdec2c":"","footer_scripts":""},"acf":[],"yoast_head":"<!-- This site is optimized with the Yoast SEO plugin v21.1 - https:\/\/yoast.com\/wordpress\/plugins\/seo\/ -->\n<title>Eventos - SchoolFood4Change ES<\/title>\n<meta name=\"robots\" content=\"noindex, follow, max-snippet:-1, max-image-preview:large, max-video-preview:-1\" \/>\n<meta property=\"og:locale\" content=\"es_ES\" \/>\n<meta property=\"og:type\" content=\"article\" \/>\n<meta property=\"og:title\" content=\"Eventos - SchoolFood4Change ES\" \/>\n<meta property=\"og:url\" content=\"https:\/\/schoolfood.giftgruen.com\/es\/events\/\" \/>\n<meta property=\"og:site_name\" content=\"SchoolFood4Change ES\" \/>\n<meta property=\"article:modified_time\" content=\"2023-05-04T14:04:04+00:00\" \/>\n<meta property=\"og:image\" content=\"https:\/\/schoolfood.giftgruen.com\/es\/wp-content\/uploads\/sites\/13\/2022\/06\/social.png\" \/>\n\t<meta property=\"og:image:width\" content=\"1200\" \/>\n\t<meta property=\"og:image:height\" content=\"683\" \/>\n\t<meta property=\"og:image:type\" content=\"image\/png\" \/>\n<meta name=\"twitter:card\" content=\"summary_large_image\" \/>\n<meta name=\"twitter:image\" content=\"https:\/\/schoolfood.giftgruen.com\/es\/wp-content\/uploads\/sites\/13\/2022\/06\/social.png\" \/>\n<meta name=\"twitter:label1\" content=\"Tiempo de lectura\" \/>\n\t<meta name=\"twitter:data1\" content=\"1 minuto\" \/>\n<script type=\"application\/ld+json\" class=\"yoast-schema-graph\">{\"@context\":\"https:\/\/schema.org\",\"@graph\":[{\"@type\":\"WebPage\",\"@id\":\"https:\/\/schoolfood.giftgruen.com\/es\/events\/\",\"url\":\"https:\/\/schoolfood.giftgruen.com\/es\/events\/\",\"name\":\"Eventos - SchoolFood4Change ES\",\"isPartOf\":{\"@id\":\"https:\/\/schoolfood.giftgruen.com\/es\/#website\"},\"datePublished\":\"2022-06-14T13:58:38+00:00\",\"dateModified\":\"2023-05-04T14:04:04+00:00\",\"breadcrumb\":{\"@id\":\"https:\/\/schoolfood.giftgruen.com\/es\/events\/#breadcrumb\"},\"inLanguage\":\"es\",\"potentialAction\":[{\"@type\":\"ReadAction\",\"target\":[\"https:\/\/schoolfood.giftgruen.com\/es\/events\/\"]}]},{\"@type\":\"BreadcrumbList\",\"@id\":\"https:\/\/schoolfood.giftgruen.com\/es\/events\/#breadcrumb\",\"itemListElement\":[{\"@type\":\"ListItem\",\"position\":1,\"name\":\"Home\",\"item\":\"https:\/\/schoolfood.giftgruen.com\/es\/\"},{\"@type\":\"ListItem\",\"position\":2,\"name\":\"Eventos\"}]},{\"@type\":\"WebSite\",\"@id\":\"https:\/\/schoolfood.giftgruen.com\/es\/#website\",\"url\":\"https:\/\/schoolfood.giftgruen.com\/es\/\",\"name\":\"SchoolFood4Change ES\",\"description\":\"\",\"publisher\":{\"@id\":\"https:\/\/schoolfood.giftgruen.com\/es\/#organization\"},\"potentialAction\":[{\"@type\":\"SearchAction\",\"target\":{\"@type\":\"EntryPoint\",\"urlTemplate\":\"https:\/\/schoolfood.giftgruen.com\/es\/?s={search_term_string}\"},\"query-input\":\"required name=search_term_string\"}],\"inLanguage\":\"es\"},{\"@type\":\"Organization\",\"@id\":\"https:\/\/schoolfood.giftgruen.com\/es\/#organization\",\"name\":\"SchoolFood4Change ES\",\"url\":\"https:\/\/schoolfood.giftgruen.com\/es\/\",\"logo\":{\"@type\":\"ImageObject\",\"inLanguage\":\"es\",\"@id\":\"https:\/\/schoolfood.giftgruen.com\/es\/#\/schema\/logo\/image\/\",\"url\":\"https:\/\/schoolfood.giftgruen.com\/es\/wp-content\/uploads\/sites\/13\/2022\/06\/schholfood.svg\",\"contentUrl\":\"https:\/\/schoolfood.giftgruen.com\/es\/wp-content\/uploads\/sites\/13\/2022\/06\/schholfood.svg\",\"width\":273,\"height\":90,\"caption\":\"SchoolFood4Change ES\"},\"image\":{\"@id\":\"https:\/\/schoolfood.giftgruen.com\/es\/#\/schema\/logo\/image\/\"}}]}<\/script>\n<!-- \/ Yoast SEO plugin. -->","yoast_head_json":{"title":"Eventos - SchoolFood4Change ES","robots":{"index":"noindex","follow":"follow","max-snippet":"max-snippet:-1","max-image-preview":"max-image-preview:large","max-video-preview":"max-video-preview:-1"},"og_locale":"es_ES","og_type":"article","og_title":"Eventos - SchoolFood4Change ES","og_url":"https:\/\/schoolfood.giftgruen.com\/es\/events\/","og_site_name":"SchoolFood4Change ES","article_modified_time":"2023-05-04T14:04:04+00:00","og_image":[{"width":1200,"height":683,"url":"https:\/\/schoolfood.giftgruen.com\/es\/wp-content\/uploads\/sites\/13\/2022\/06\/social.png","type":"image\/png"}],"twitter_card":"summary_large_image","twitter_image":"https:\/\/schoolfood.giftgruen.com\/es\/wp-content\/uploads\/sites\/13\/2022\/06\/social.png","twitter_misc":{"Tiempo de lectura":"1 minuto"},"schema":{"@context":"https:\/\/schema.org","@graph":[{"@type":"WebPage","@id":"https:\/\/schoolfood.giftgruen.com\/es\/events\/","url":"https:\/\/schoolfood.giftgruen.com\/es\/events\/","name":"Eventos - SchoolFood4Change ES","isPartOf":{"@id":"https:\/\/schoolfood.giftgruen.com\/es\/#website"},"datePublished":"2022-06-14T13:58:38+00:00","dateModified":"2023-05-04T14:04:04+00:00","breadcrumb":{"@id":"https:\/\/schoolfood.giftgruen.com\/es\/events\/#breadcrumb"},"inLanguage":"es","potentialAction":[{"@type":"ReadAction","target":["https:\/\/schoolfood.giftgruen.com\/es\/events\/"]}]},{"@type":"BreadcrumbList","@id":"https:\/\/schoolfood.giftgruen.com\/es\/events\/#breadcrumb","itemListElement":[{"@type":"ListItem","position":1,"name":"Home","item":"https:\/\/schoolfood.giftgruen.com\/es\/"},{"@type":"ListItem","position":2,"name":"Eventos"}]},{"@type":"WebSite","@id":"https:\/\/schoolfood.giftgruen.com\/es\/#website","url":"https:\/\/schoolfood.giftgruen.com\/es\/","name":"SchoolFood4Change ES","description":"","publisher":{"@id":"https:\/\/schoolfood.giftgruen.com\/es\/#organization"},"potentialAction":[{"@type":"SearchAction","target":{"@type":"EntryPoint","urlTemplate":"https:\/\/schoolfood.giftgruen.com\/es\/?s={search_term_string}"},"query-input":"required name=search_term_string"}],"inLanguage":"es"},{"@type":"Organization","@id":"https:\/\/schoolfood.giftgruen.com\/es\/#organization","name":"SchoolFood4Change ES","url":"https:\/\/schoolfood.giftgruen.com\/es\/","logo":{"@type":"ImageObject","inLanguage":"es","@id":"https:\/\/schoolfood.giftgruen.com\/es\/#\/schema\/logo\/image\/","url":"https:\/\/schoolfood.giftgruen.com\/es\/wp-content\/uploads\/sites\/13\/2022\/06\/schholfood.svg","contentUrl":"https:\/\/schoolfood.giftgruen.com\/es\/wp-content\/uploads\/sites\/13\/2022\/06\/schholfood.svg","width":273,"height":90,"caption":"SchoolFood4Change ES"},"image":{"@id":"https:\/\/schoolfood.giftgruen.com\/es\/#\/schema\/logo\/image\/"}}]}},"_links":{"self":[{"href":"https:\/\/schoolfood.giftgruen.com\/es\/wp-json\/wp\/v2\/pages\/1326"}],"collection":[{"href":"https:\/\/schoolfood.giftgruen.com\/es\/wp-json\/wp\/v2\/pages"}],"about":[{"href":"https:\/\/schoolfood.giftgruen.com\/es\/wp-json\/wp\/v2\/types\/page"}],"author":[{"embeddable":true,"href":"https:\/\/schoolfood.giftgruen.com\/es\/wp-json\/wp\/v2\/users\/7"}],"replies":[{"embeddable":true,"href":"https:\/\/schoolfood.giftgruen.com\/es\/wp-json\/wp\/v2\/comments?post=1326"}],"version-history":[{"count":27,"href":"https:\/\/schoolfood.giftgruen.com\/es\/wp-json\/wp\/v2\/pages\/1326\/revisions"}],"predecessor-version":[{"id":3798,"href":"https:\/\/schoolfood.giftgruen.com\/es\/wp-json\/wp\/v2\/pages\/1326\/revisions\/3798"}],"wp:attachment":[{"href":"https:\/\/schoolfood.giftgruen.com\/es\/wp-json\/wp\/v2\/media?parent=1326"}],"curies":[{"name":"wp","href":"https:\/\/api.w.org\/{rel}","templated":true}]}}